{"id":892,"date":"2024-09-27T14:56:33","date_gmt":"2024-09-27T14:56:33","guid":{"rendered":"https:\/\/www.sth-hollabrunn.at\/studentenheim\/?page_id=892"},"modified":"2024-11-14T09:46:01","modified_gmt":"2024-11-14T09:46:01","slug":"sth-mustangs","status":"publish","type":"page","link":"https:\/\/www.sth-hollabrunn.at\/studentenheim\/sth-mustangs\/","title":{"rendered":"SPI Mustangs"},"content":{"rendered":"\n<p><strong>Spieler bleibt im Heimverein und trainiert im Internat<\/strong>. <\/p>\n\n\n\n<p>Das Studentenheim bietet eine optimale Verkn\u00fcpfung von Schule und Fu\u00dfballtraining, unterst\u00fctzt durch p\u00e4dagogisches Personal und umfangreiche sportliche Infrastruktur. Die Sch\u00fcler verbleiben im Heimverein und trainieren w\u00e4hrend der Woche im Studentenheim Hollabrunn.&nbsp;&nbsp;<\/p>\n\n\n\n<p>Die Trainer des \u201eMustangs\u201c-SPI-Modells stehen dabei im Austausch mit den Trainern des \u00d6FB Nachwuchszentrums, wobei beide Trainings auf dem gleichen Gel\u00e4nde stattfinden. Dadurch haben die Nachwuchszentrums-Trainer die Spieler des \u201eMustangs\u201c-Modells stets im Blick. Talente, die im \u201eMustangs\u201c-Modell herausstechen, k\u00f6nnen durch Probetrainings die M\u00f6glichkeit erhalten, ins Nachwuchszentrum zu wechseln. Umgekehrt wechseln auch Spieler vom Nachwuchszentrum ins \u201eMustangs\u201c-Modell, um wieder im Heimverein zu spielen oder um die Belastung zu reduzieren.&nbsp;<\/p>\n\n\n\n<figure class=\"wp-block-image size-large\"><img loading=\"lazy\" decoding=\"async\" width=\"1024\" height=\"520\" src=\"https:\/\/www.sth-hollabrunn.at\/studentenheim\/wp-content\/uploads\/SPI_Mustangs_2425-1024x520.jpg\" alt=\"\" class=\"wp-image-971\" srcset=\"https:\/\/www.sth-hollabrunn.at\/studentenheim\/wp-content\/uploads\/SPI_Mustangs_2425-1024x520.jpg 1024w, https:\/\/www.sth-hollabrunn.at\/studentenheim\/wp-content\/uploads\/SPI_Mustangs_2425-300x152.jpg 300w, https:\/\/www.sth-hollabrunn.at\/studentenheim\/wp-content\/uploads\/SPI_Mustangs_2425-768x390.jpg 768w, https:\/\/www.sth-hollabrunn.at\/studentenheim\/wp-content\/uploads\/SPI_Mustangs_2425-1536x780.jpg 1536w, https:\/\/www.sth-hollabrunn.at\/studentenheim\/wp-content\/uploads\/SPI_Mustangs_2425-2048x1040.jpg 2048w\" sizes=\"auto, (max-width: 1024px) 100vw, 1024px\" \/><\/figure>\n\n\n\n<p>Bei Interesse wenden Sie sich bitte an: Petr Kouril (<a href=\"mailto:petrkouril@post.cz\">petrkouril@post.cz<\/a>)<\/p>\n\n\n\n<p><\/p>\n","protected":false},"excerpt":{"rendered":"<p>Spieler bleibt im Heimverein und trainiert im Internat. Das Studentenheim bietet eine optimale Verkn\u00fcpfung von Schule und Fu\u00dfballtraining, unterst\u00fctzt durch p\u00e4dagogisches Personal und umfangreiche sportliche Infrastruktur. Die Sch\u00fcler verbleiben im Heimverein und trainieren w\u00e4hrend der Woche im Studentenheim Hollabrunn.&nbsp;&nbsp; Die Trainer des \u201eMustangs\u201c-SPI-Modells stehen dabei im Austausch mit den Trainern des \u00d6FB Nachwuchszentrums, wobei beide&#8230;<\/p>\n<p class=\"more-link-wrap\"><a href=\"https:\/\/www.sth-hollabrunn.at\/studentenheim\/sth-mustangs\/\" class=\"more-link\">Read More<span class=\"screen-reader-text\"> &ldquo;SPI Mustangs&rdquo;<\/span> &raquo;<\/a><\/p>\n","protected":false},"author":1,"featured_media":0,"parent":0,"menu_order":0,"comment_status":"closed","ping_status":"closed","template":"","meta":{"_eb_attr":"","ngg_post_thumbnail":0,"footnotes":""},"class_list":["post-892","page","type-page","status-publish","hentry"],"_links":{"self":[{"href":"https:\/\/www.sth-hollabrunn.at\/studentenheim\/wp-json\/wp\/v2\/pages\/892","targetHints":{"allow":["GET"]}}],"collection":[{"href":"https:\/\/www.sth-hollabrunn.at\/studentenheim\/wp-json\/wp\/v2\/pages"}],"about":[{"href":"https:\/\/www.sth-hollabrunn.at\/studentenheim\/wp-json\/wp\/v2\/types\/page"}],"author":[{"embeddable":true,"href":"https:\/\/www.sth-hollabrunn.at\/studentenheim\/wp-json\/wp\/v2\/users\/1"}],"replies":[{"embeddable":true,"href":"https:\/\/www.sth-hollabrunn.at\/studentenheim\/wp-json\/wp\/v2\/comments?post=892"}],"version-history":[{"count":6,"href":"https:\/\/www.sth-hollabrunn.at\/studentenheim\/wp-json\/wp\/v2\/pages\/892\/revisions"}],"predecessor-version":[{"id":981,"href":"https:\/\/www.sth-hollabrunn.at\/studentenheim\/wp-json\/wp\/v2\/pages\/892\/revisions\/981"}],"wp:attachment":[{"href":"https:\/\/www.sth-hollabrunn.at\/studentenheim\/wp-json\/wp\/v2\/media?parent=892"}],"curies":[{"name":"wp","href":"https:\/\/api.w.org\/{rel}","templated":true}]}}