{"id":890,"date":"2024-09-27T14:56:16","date_gmt":"2024-09-27T14:56:16","guid":{"rendered":"https:\/\/www.sth-hollabrunn.at\/studentenheim\/?page_id=890"},"modified":"2024-10-23T13:11:39","modified_gmt":"2024-10-23T13:11:39","slug":"kooperation-sv-horn","status":"publish","type":"page","link":"https:\/\/www.sth-hollabrunn.at\/studentenheim\/kooperation-sv-horn\/","title":{"rendered":"SV Horn &#8211; \u00d6FB Nachwuchsleistungszentrum"},"content":{"rendered":"\n<p>Im Rahmen einer <strong>Zusammenarbeit <\/strong>betreibt der <strong>SV Horn<\/strong> am Standort des <strong>Studentenheims in Hollabrunn<\/strong> ein <strong>\u00d6FB-Nachwuchszentrum.<\/strong> Der SV Horn bringt viel Engagement in sein Leistungszentrum ein, um ein ideales sportliches Umfeld mit hochwertigen Trainingsanlagen und Einrichtungen zu schaffen, das bereits jetzt auf die zuk\u00fcnftigen Bed\u00fcrfnisse und Anforderungen ausgerichtet ist. Die Nachwuchsarbeit geht dabei \u00fcber den rein sportlichen Bereich hinaus.\u00a0<br>Der SV Horn m\u00f6chte die Entwicklung junger Talente aktiv begleiten und ihnen die M\u00f6glichkeit bieten, ihren Traum ein St\u00fcck n\u00e4her zu kommen. Das <strong>Leistungszentrum <\/strong>stellt hierf\u00fcr <strong>erstklassige Voraussetzungen<\/strong> bereit: ein ideales Umfeld mit <strong>optimalen Trainingsm\u00f6glichkeiten<\/strong> und einer gut abgestimmten <strong>schulischen Betreuung.<\/strong>\u00a0<br>\u00a0<br>Eine gro\u00dfe Anzahl lizensierter Trainer, ein vielf\u00e4ltiges sportliches Angebot mit Rasen- und Kunstrasenpl\u00e4tzen, einer Fu\u00dfballtennis- und Beachsocceranlage, dem Studentenheim sowie starken schulischen Partnern sorgen f\u00fcr beste Bedingungen.\u00a0<br>\u00a0<br>Bei Interesse wenden Sie sich bitte an: Michael Hennebichler (<a href=\"mailto:hennebichler@svhorn.at\" target=\"_blank\" rel=\"noreferrer noopener\">hennebichler@svhorn.at<\/a>)\u00a0<br>\u00a0<br><a href=\"https:\/\/www.nlz-svhorn.at\/information\" target=\"_blank\" rel=\"noreferrer noopener\">https:\/\/www.nlz-svhorn.at\/information<\/a>\u00a0<\/p>\n","protected":false},"excerpt":{"rendered":"<p>Im Rahmen einer Zusammenarbeit betreibt der SV Horn am Standort des Studentenheims in Hollabrunn ein \u00d6FB-Nachwuchszentrum. Der SV Horn bringt viel Engagement in sein Leistungszentrum ein, um ein ideales sportliches Umfeld mit hochwertigen Trainingsanlagen und Einrichtungen zu schaffen, das bereits jetzt auf die zuk\u00fcnftigen Bed\u00fcrfnisse und Anforderungen ausgerichtet ist. Die Nachwuchsarbeit geht dabei \u00fcber den&#8230;<\/p>\n<p class=\"more-link-wrap\"><a href=\"https:\/\/www.sth-hollabrunn.at\/studentenheim\/kooperation-sv-horn\/\" class=\"more-link\">Read More<span class=\"screen-reader-text\"> &ldquo;SV Horn &#8211; \u00d6FB Nachwuchsleistungszentrum&rdquo;<\/span> &raquo;<\/a><\/p>\n","protected":false},"author":1,"featured_media":0,"parent":0,"menu_order":0,"comment_status":"closed","ping_status":"closed","template":"","meta":{"_eb_attr":"","ngg_post_thumbnail":0,"footnotes":""},"class_list":["post-890","page","type-page","status-publish","hentry"],"_links":{"self":[{"href":"https:\/\/www.sth-hollabrunn.at\/studentenheim\/wp-json\/wp\/v2\/pages\/890","targetHints":{"allow":["GET"]}}],"collection":[{"href":"https:\/\/www.sth-hollabrunn.at\/studentenheim\/wp-json\/wp\/v2\/pages"}],"about":[{"href":"https:\/\/www.sth-hollabrunn.at\/studentenheim\/wp-json\/wp\/v2\/types\/page"}],"author":[{"embeddable":true,"href":"https:\/\/www.sth-hollabrunn.at\/studentenheim\/wp-json\/wp\/v2\/users\/1"}],"replies":[{"embeddable":true,"href":"https:\/\/www.sth-hollabrunn.at\/studentenheim\/wp-json\/wp\/v2\/comments?post=890"}],"version-history":[{"count":3,"href":"https:\/\/www.sth-hollabrunn.at\/studentenheim\/wp-json\/wp\/v2\/pages\/890\/revisions"}],"predecessor-version":[{"id":952,"href":"https:\/\/www.sth-hollabrunn.at\/studentenheim\/wp-json\/wp\/v2\/pages\/890\/revisions\/952"}],"wp:attachment":[{"href":"https:\/\/www.sth-hollabrunn.at\/studentenheim\/wp-json\/wp\/v2\/media?parent=890"}],"curies":[{"name":"wp","href":"https:\/\/api.w.org\/{rel}","templated":true}]}}