{"id":888,"date":"2024-09-27T14:55:36","date_gmt":"2024-09-27T14:55:36","guid":{"rendered":"https:\/\/www.sth-hollabrunn.at\/studentenheim\/?page_id=888"},"modified":"2024-11-21T10:59:42","modified_gmt":"2024-11-21T10:59:42","slug":"fussball","status":"publish","type":"page","link":"https:\/\/www.sth-hollabrunn.at\/studentenheim\/fussball\/","title":{"rendered":"Fu\u00dfball"},"content":{"rendered":"\n<div class=\"wp-block-media-text is-stacked-on-mobile is-vertically-aligned-top\" style=\"grid-template-columns:46% auto\"><figure class=\"wp-block-media-text__media\"><img loading=\"lazy\" decoding=\"async\" width=\"1024\" height=\"473\" src=\"https:\/\/www.sth-hollabrunn.at\/studentenheim\/wp-content\/uploads\/IMG_20211109_080759-1024x473.jpg\" alt=\"\" class=\"wp-image-993 size-full\" srcset=\"https:\/\/www.sth-hollabrunn.at\/studentenheim\/wp-content\/uploads\/IMG_20211109_080759-1024x473.jpg 1024w, https:\/\/www.sth-hollabrunn.at\/studentenheim\/wp-content\/uploads\/IMG_20211109_080759-300x138.jpg 300w, https:\/\/www.sth-hollabrunn.at\/studentenheim\/wp-content\/uploads\/IMG_20211109_080759-768x354.jpg 768w, https:\/\/www.sth-hollabrunn.at\/studentenheim\/wp-content\/uploads\/IMG_20211109_080759-1536x709.jpg 1536w, https:\/\/www.sth-hollabrunn.at\/studentenheim\/wp-content\/uploads\/IMG_20211109_080759-2048x945.jpg 2048w\" sizes=\"auto, (max-width: 1024px) 100vw, 1024px\" \/><\/figure><div class=\"wp-block-media-text__content\">\n<p>In <strong>Zusammenarbeit <\/strong>mit dem <strong>\u00d6sterreichischen Fu\u00dfball Bund (\u00d6FB)<\/strong> betreiben wir am Standort des Studentenheims in Hollabrunn ein <strong>Nachwuchsleistungszentrum,<\/strong> das jungen Fu\u00dfballtalenten optimale Bedingungen bietet. <\/p>\n<\/div><\/div>\n\n\n\n<p>Unser Engagement gilt der Schaffung eines <strong>idealen sportlichen Umfelds, <\/strong>das nicht nur erstklassige Trainingsanlagen umfasst, sondern auch eine <strong>umfassende schulische Betreuung und pers\u00f6nliche Entwicklung<\/strong> der Spieler f\u00f6rdert.<\/p>\n\n\n\n<div class=\"wp-block-media-text has-media-on-the-right is-stacked-on-mobile\"><div class=\"wp-block-media-text__content\">\n<p>Zus\u00e4tzlich bieten wir mit unserem <strong>Sportinternat \u201eMustangs\u201c <\/strong>eine innovative Verbindung von Schule und Fu\u00dfballtraining. Hier bleiben die <strong>Spieler in ihrem Heimverein und<\/strong> profitieren gleichzeitig von <strong>intensiven Trainingseinheiten, <\/strong>die in enger Zusammenarbeit mit unseren lizenzierten Trainern stattfinden. So gew\u00e4hrleisten wir, dass Talente jederzeit gef\u00f6rdert und beobachtet werden, um ihre sportlichen Ziele zu erreichen.<\/p>\n<\/div><figure class=\"wp-block-media-text__media\"><img loading=\"lazy\" decoding=\"async\" width=\"1024\" height=\"684\" src=\"https:\/\/www.sth-hollabrunn.at\/studentenheim\/wp-content\/uploads\/SPI_Training_1-1024x684.jpg\" alt=\"\" class=\"wp-image-994 size-full\" srcset=\"https:\/\/www.sth-hollabrunn.at\/studentenheim\/wp-content\/uploads\/SPI_Training_1-1024x684.jpg 1024w, https:\/\/www.sth-hollabrunn.at\/studentenheim\/wp-content\/uploads\/SPI_Training_1-300x200.jpg 300w, https:\/\/www.sth-hollabrunn.at\/studentenheim\/wp-content\/uploads\/SPI_Training_1-768x513.jpg 768w, https:\/\/www.sth-hollabrunn.at\/studentenheim\/wp-content\/uploads\/SPI_Training_1-1536x1025.jpg 1536w, https:\/\/www.sth-hollabrunn.at\/studentenheim\/wp-content\/uploads\/SPI_Training_1.jpg 1772w\" sizes=\"auto, (max-width: 1024px) 100vw, 1024px\" \/><\/figure><\/div>\n","protected":false},"excerpt":{"rendered":"<p>In Zusammenarbeit mit dem \u00d6sterreichischen Fu\u00dfball Bund (\u00d6FB) betreiben wir am Standort des Studentenheims in Hollabrunn ein Nachwuchsleistungszentrum, das jungen Fu\u00dfballtalenten optimale Bedingungen bietet. Unser Engagement gilt der Schaffung eines idealen sportlichen Umfelds, das nicht nur erstklassige Trainingsanlagen umfasst, sondern auch eine umfassende schulische Betreuung und pers\u00f6nliche Entwicklung der Spieler f\u00f6rdert. Zus\u00e4tzlich bieten wir mit&#8230;<\/p>\n<p class=\"more-link-wrap\"><a href=\"https:\/\/www.sth-hollabrunn.at\/studentenheim\/fussball\/\" class=\"more-link\">Read More<span class=\"screen-reader-text\"> &ldquo;Fu\u00dfball&rdquo;<\/span> &raquo;<\/a><\/p>\n","protected":false},"author":1,"featured_media":0,"parent":0,"menu_order":0,"comment_status":"closed","ping_status":"closed","template":"","meta":{"_eb_attr":"","ngg_post_thumbnail":0,"footnotes":""},"class_list":["post-888","page","type-page","status-publish","hentry"],"_links":{"self":[{"href":"https:\/\/www.sth-hollabrunn.at\/studentenheim\/wp-json\/wp\/v2\/pages\/888","targetHints":{"allow":["GET"]}}],"collection":[{"href":"https:\/\/www.sth-hollabrunn.at\/studentenheim\/wp-json\/wp\/v2\/pages"}],"about":[{"href":"https:\/\/www.sth-hollabrunn.at\/studentenheim\/wp-json\/wp\/v2\/types\/page"}],"author":[{"embeddable":true,"href":"https:\/\/www.sth-hollabrunn.at\/studentenheim\/wp-json\/wp\/v2\/users\/1"}],"replies":[{"embeddable":true,"href":"https:\/\/www.sth-hollabrunn.at\/studentenheim\/wp-json\/wp\/v2\/comments?post=888"}],"version-history":[{"count":3,"href":"https:\/\/www.sth-hollabrunn.at\/studentenheim\/wp-json\/wp\/v2\/pages\/888\/revisions"}],"predecessor-version":[{"id":995,"href":"https:\/\/www.sth-hollabrunn.at\/studentenheim\/wp-json\/wp\/v2\/pages\/888\/revisions\/995"}],"wp:attachment":[{"href":"https:\/\/www.sth-hollabrunn.at\/studentenheim\/wp-json\/wp\/v2\/media?parent=888"}],"curies":[{"name":"wp","href":"https:\/\/api.w.org\/{rel}","templated":true}]}}