{"id":77,"date":"2023-04-19T20:32:14","date_gmt":"2023-04-19T20:32:14","guid":{"rendered":"https:\/\/www.sth-hollabrunn.at\/studentenheim\/?page_id=77"},"modified":"2023-07-24T20:10:16","modified_gmt":"2023-07-24T20:10:16","slug":"unser-haus","status":"publish","type":"page","link":"https:\/\/www.sth-hollabrunn.at\/studentenheim\/unser-haus\/","title":{"rendered":"Unser Haus"},"content":{"rendered":"\n<div class=\"wp-block-media-text is-stacked-on-mobile\" style=\"grid-template-columns:31% auto\"><figure class=\"wp-block-media-text__media\"><img loading=\"lazy\" decoding=\"async\" width=\"1024\" height=\"680\" src=\"https:\/\/www.sth-hollabrunn.at\/studentenheim\/wp-content\/uploads\/Eingang-1024x680.jpg\" alt=\"\" class=\"wp-image-207 size-full\" srcset=\"https:\/\/www.sth-hollabrunn.at\/studentenheim\/wp-content\/uploads\/Eingang-1024x680.jpg 1024w, https:\/\/www.sth-hollabrunn.at\/studentenheim\/wp-content\/uploads\/Eingang-300x199.jpg 300w, https:\/\/www.sth-hollabrunn.at\/studentenheim\/wp-content\/uploads\/Eingang-768x510.jpg 768w, https:\/\/www.sth-hollabrunn.at\/studentenheim\/wp-content\/uploads\/Eingang.jpg 1536w\" sizes=\"auto, (max-width: 1024px) 100vw, 1024px\" \/><\/figure><div class=\"wp-block-media-text__content\">\n<p>Das Studentenheim befindet sich in einem mehrst\u00f6ckigen Geb\u00e4udekomplex, welches zwei Stiegenh\u00e4user hat. In einem davon ist das Studentenheim.<\/p>\n<\/div><\/div>\n\n\n\n<div class=\"wp-block-media-text has-media-on-the-right is-stacked-on-mobile\" style=\"grid-template-columns:auto 30%\"><div class=\"wp-block-media-text__content\">\n<p>Wenn du das Geb\u00e4ude betrittst, findest du die Hotelrezeption und das Campus Caf\u00e9.<\/p>\n<\/div><figure class=\"wp-block-media-text__media\"><img loading=\"lazy\" decoding=\"async\" width=\"768\" height=\"510\" src=\"https:\/\/www.sth-hollabrunn.at\/studentenheim\/wp-content\/uploads\/Rezeption.jpg\" alt=\"\" class=\"wp-image-209 size-full\" srcset=\"https:\/\/www.sth-hollabrunn.at\/studentenheim\/wp-content\/uploads\/Rezeption.jpg 768w, https:\/\/www.sth-hollabrunn.at\/studentenheim\/wp-content\/uploads\/Rezeption-300x199.jpg 300w\" sizes=\"auto, (max-width: 768px) 100vw, 768px\" \/><\/figure><\/div>\n\n\n\n<p>Einen Stock h\u00f6her ist die gro\u00dfe Aula mit Zugang zum Speisesaal, zur HTL und zum Wohnblock. Hier findest du auch den Haupterzieher und eine Anschlagtafel mit vielen Informationen.<\/p>\n\n\n\n<div class=\"wp-block-columns is-layout-flex wp-container-core-columns-is-layout-9d6595d7 wp-block-columns-is-layout-flex\">\n<div class=\"wp-block-column is-layout-flow wp-block-column-is-layout-flow\"><div class=\"wp-block-image\">\n<figure class=\"aligncenter size-large is-resized\"><img loading=\"lazy\" decoding=\"async\" src=\"https:\/\/www.sth-hollabrunn.at\/studentenheim\/wp-content\/uploads\/Stiegen-1024x680.jpg\" alt=\"\" class=\"wp-image-210\" width=\"223\" height=\"147\" srcset=\"https:\/\/www.sth-hollabrunn.at\/studentenheim\/wp-content\/uploads\/Stiegen-1024x680.jpg 1024w, https:\/\/www.sth-hollabrunn.at\/studentenheim\/wp-content\/uploads\/Stiegen-300x199.jpg 300w, https:\/\/www.sth-hollabrunn.at\/studentenheim\/wp-content\/uploads\/Stiegen-768x510.jpg 768w, https:\/\/www.sth-hollabrunn.at\/studentenheim\/wp-content\/uploads\/Stiegen-1536x1021.jpg 1536w, https:\/\/www.sth-hollabrunn.at\/studentenheim\/wp-content\/uploads\/Stiegen-2048x1361.jpg 2048w\" sizes=\"auto, (max-width: 223px) 100vw, 223px\" \/><\/figure>\n<\/div><\/div>\n\n\n\n<div class=\"wp-block-column is-layout-flow wp-block-column-is-layout-flow\"><div class=\"wp-block-image\">\n<figure class=\"aligncenter size-full is-resized\"><img loading=\"lazy\" decoding=\"async\" src=\"https:\/\/www.sth-hollabrunn.at\/studentenheim\/wp-content\/uploads\/Speisesaal.jpg\" alt=\"\" class=\"wp-image-211\" width=\"220\" height=\"145\"\/><\/figure>\n<\/div><\/div>\n\n\n\n<div class=\"wp-block-column is-layout-flow wp-block-column-is-layout-flow\">\n<p>Bild Infotafal \/ Aufgang<\/p>\n<\/div>\n<\/div>\n\n\n\n<p>Die Aussicht ist eine der besten von Hollabrunn \ud83d\ude09<\/p>\n\n\n\nngg_shortcode_0_placeholder\n\n\n\n<p>Au\u00dferdem findest du das Sporthotel, das Vermessungsamt, den Verein &#8222;Frauen f\u00fcr Frauen&#8220; und noch weitere im Geb\u00e4ude. Diese sind im anderen Stiegenhaus beheimatet.<\/p>\n","protected":false},"excerpt":{"rendered":"<p>Das Studentenheim befindet sich in einem mehrst\u00f6ckigen Geb\u00e4udekomplex, welches zwei Stiegenh\u00e4user hat. In einem davon ist das Studentenheim. Wenn du das Geb\u00e4ude betrittst, findest du die Hotelrezeption und das Campus Caf\u00e9. Einen Stock h\u00f6her ist die gro\u00dfe Aula mit Zugang zum Speisesaal, zur HTL und zum Wohnblock. Hier findest du auch den Haupterzieher und eine&#8230;<\/p>\n<p class=\"more-link-wrap\"><a href=\"https:\/\/www.sth-hollabrunn.at\/studentenheim\/unser-haus\/\" class=\"more-link\">Read More<span class=\"screen-reader-text\"> &ldquo;Unser Haus&rdquo;<\/span> &raquo;<\/a><\/p>\n","protected":false},"author":1,"featured_media":0,"parent":0,"menu_order":0,"comment_status":"closed","ping_status":"closed","template":"","meta":{"_eb_attr":"","ngg_post_thumbnail":0,"footnotes":""},"class_list":["post-77","page","type-page","status-publish","hentry"],"_links":{"self":[{"href":"https:\/\/www.sth-hollabrunn.at\/studentenheim\/wp-json\/wp\/v2\/pages\/77","targetHints":{"allow":["GET"]}}],"collection":[{"href":"https:\/\/www.sth-hollabrunn.at\/studentenheim\/wp-json\/wp\/v2\/pages"}],"about":[{"href":"https:\/\/www.sth-hollabrunn.at\/studentenheim\/wp-json\/wp\/v2\/types\/page"}],"author":[{"embeddable":true,"href":"https:\/\/www.sth-hollabrunn.at\/studentenheim\/wp-json\/wp\/v2\/users\/1"}],"replies":[{"embeddable":true,"href":"https:\/\/www.sth-hollabrunn.at\/studentenheim\/wp-json\/wp\/v2\/comments?post=77"}],"version-history":[{"count":7,"href":"https:\/\/www.sth-hollabrunn.at\/studentenheim\/wp-json\/wp\/v2\/pages\/77\/revisions"}],"predecessor-version":[{"id":413,"href":"https:\/\/www.sth-hollabrunn.at\/studentenheim\/wp-json\/wp\/v2\/pages\/77\/revisions\/413"}],"wp:attachment":[{"href":"https:\/\/www.sth-hollabrunn.at\/studentenheim\/wp-json\/wp\/v2\/media?parent=77"}],"curies":[{"name":"wp","href":"https:\/\/api.w.org\/{rel}","templated":true}]}}