{"id":50,"date":"2023-04-17T19:32:37","date_gmt":"2023-04-17T19:32:37","guid":{"rendered":"https:\/\/www.sth-hollabrunn.at\/studentenheim\/?page_id=50"},"modified":"2023-04-20T21:17:04","modified_gmt":"2023-04-20T21:17:04","slug":"links","status":"publish","type":"page","link":"https:\/\/www.sth-hollabrunn.at\/studentenheim\/links\/","title":{"rendered":"Links"},"content":{"rendered":"\n<p>Hollabrunn bietet viele M\u00f6glichkeiten der Freizeitgestaltung \u2026<\/p>\n\n\n\n<div class=\"wp-block-media-text has-media-on-the-right is-stacked-on-mobile\" style=\"grid-template-columns:auto 45%\"><div class=\"wp-block-media-text__content\">\n<p>&#8211; Freibad<br>&#8211; Kunsteisbahn<br>&#8211; Motorikpark<br>&#8211; Walderlebnisweg<br>&#8211; Stadtbibliothek<br>&#8211; und vieles mehr \u2026<\/p>\n<\/div><figure class=\"wp-block-media-text__media\"><img loading=\"lazy\" decoding=\"async\" width=\"768\" height=\"433\" src=\"https:\/\/www.sth-hollabrunn.at\/studentenheim\/wp-content\/uploads\/2023\/04\/02752512.png\" alt=\"\" class=\"wp-image-145 size-full\" srcset=\"https:\/\/www.sth-hollabrunn.at\/studentenheim\/wp-content\/uploads\/2023\/04\/02752512.png 768w, https:\/\/www.sth-hollabrunn.at\/studentenheim\/wp-content\/uploads\/2023\/04\/02752512-300x169.png 300w\" sizes=\"auto, (max-width: 768px) 100vw, 768px\" \/><\/figure><\/div>\n\n\n\n<p>Um immer aktuell zu sein, verlinken wir auf die Seite der <a rel=\"noreferrer noopener\" href=\"https:\/\/www.hollabrunn.gv.at\/?kat=2143\" target=\"_blank\">Gemeinde Hollabrunn<\/a><a href=\"https:\/\/www.hollabrunn.gv.at\/?kat=2143\">.<\/a><\/p>\n\n\n\n<div class=\"wp-block-media-text is-stacked-on-mobile\" style=\"grid-template-columns:22% auto\"><figure class=\"wp-block-media-text__media\"><img loading=\"lazy\" decoding=\"async\" width=\"600\" height=\"600\" src=\"https:\/\/www.sth-hollabrunn.at\/studentenheim\/wp-content\/uploads\/2023\/04\/12894024.png\" alt=\"\" class=\"wp-image-141 size-full\" srcset=\"https:\/\/www.sth-hollabrunn.at\/studentenheim\/wp-content\/uploads\/2023\/04\/12894024.png 600w, https:\/\/www.sth-hollabrunn.at\/studentenheim\/wp-content\/uploads\/2023\/04\/12894024-300x300.png 300w, https:\/\/www.sth-hollabrunn.at\/studentenheim\/wp-content\/uploads\/2023\/04\/12894024-150x150.png 150w\" sizes=\"auto, (max-width: 600px) 100vw, 600px\" \/><\/figure><div class=\"wp-block-media-text__content\">\n<p>Auch <strong>zahlreiche Vereine<\/strong> in Hollabrunn sorgen f\u00fcr ein buntes Angebot an Freizeitaktivit\u00e4ten. Von Schach, \u00fcber Fu\u00dfball, Budo, Eissch\u00fctzenverein, Jagdverein, Lauftreff, Handball, Volleyball, Kegelverein, etc. bis hin zum UnionTanzTeam \u2026 auch <a rel=\"noreferrer noopener\" href=\"https:\/\/www.hollabrunn.gv.at\/?kat=2172&amp;ve_kat=Sport+%26+Spiel&amp;modus=branche_gemeinde&amp;\" target=\"_blank\">hier mehr auf der Seite der Gemeinde Hollabrunn.<\/a><\/p>\n<\/div><\/div>\n","protected":false},"excerpt":{"rendered":"<p>Hollabrunn bietet viele M\u00f6glichkeiten der Freizeitgestaltung \u2026 &#8211; Freibad&#8211; Kunsteisbahn&#8211; Motorikpark&#8211; Walderlebnisweg&#8211; Stadtbibliothek&#8211; und vieles mehr \u2026 Um immer aktuell zu sein, verlinken wir auf die Seite der Gemeinde Hollabrunn. Auch zahlreiche Vereine in Hollabrunn sorgen f\u00fcr ein buntes Angebot an Freizeitaktivit\u00e4ten. Von Schach, \u00fcber Fu\u00dfball, Budo, Eissch\u00fctzenverein, Jagdverein, Lauftreff, Handball, Volleyball, Kegelverein, etc. bis&#8230;<\/p>\n<p class=\"more-link-wrap\"><a href=\"https:\/\/www.sth-hollabrunn.at\/studentenheim\/links\/\" class=\"more-link\">Read More<span class=\"screen-reader-text\"> &ldquo;Links&rdquo;<\/span> &raquo;<\/a><\/p>\n","protected":false},"author":1,"featured_media":0,"parent":0,"menu_order":0,"comment_status":"closed","ping_status":"closed","template":"","meta":{"_eb_attr":"","ngg_post_thumbnail":0,"footnotes":""},"class_list":["post-50","page","type-page","status-publish","hentry"],"_links":{"self":[{"href":"https:\/\/www.sth-hollabrunn.at\/studentenheim\/wp-json\/wp\/v2\/pages\/50","targetHints":{"allow":["GET"]}}],"collection":[{"href":"https:\/\/www.sth-hollabrunn.at\/studentenheim\/wp-json\/wp\/v2\/pages"}],"about":[{"href":"https:\/\/www.sth-hollabrunn.at\/studentenheim\/wp-json\/wp\/v2\/types\/page"}],"author":[{"embeddable":true,"href":"https:\/\/www.sth-hollabrunn.at\/studentenheim\/wp-json\/wp\/v2\/users\/1"}],"replies":[{"embeddable":true,"href":"https:\/\/www.sth-hollabrunn.at\/studentenheim\/wp-json\/wp\/v2\/comments?post=50"}],"version-history":[{"count":3,"href":"https:\/\/www.sth-hollabrunn.at\/studentenheim\/wp-json\/wp\/v2\/pages\/50\/revisions"}],"predecessor-version":[{"id":146,"href":"https:\/\/www.sth-hollabrunn.at\/studentenheim\/wp-json\/wp\/v2\/pages\/50\/revisions\/146"}],"wp:attachment":[{"href":"https:\/\/www.sth-hollabrunn.at\/studentenheim\/wp-json\/wp\/v2\/media?parent=50"}],"curies":[{"name":"wp","href":"https:\/\/api.w.org\/{rel}","templated":true}]}}