{"id":44,"date":"2023-04-17T19:24:48","date_gmt":"2023-04-17T19:24:48","guid":{"rendered":"https:\/\/www.sth-hollabrunn.at\/studentenheim\/?page_id=44"},"modified":"2023-12-12T14:38:17","modified_gmt":"2023-12-12T14:38:17","slug":"kontakt-mehr","status":"publish","type":"page","link":"https:\/\/www.sth-hollabrunn.at\/studentenheim\/kontakt-mehr\/","title":{"rendered":"Kontakt &#038; Anreise"},"content":{"rendered":"\n<p>Sollten dir die Informationen auf unserer Homepage nicht ausreichen, ruf an oder schreib uns. Gerne kann ein individueller Termin f\u00fcr ein Beratungsgespr\u00e4ch bei uns im Haus vereinbart werden. Unser Team steht dir f\u00fcr Fragen gerne zur Verf\u00fcgung.<\/p>\n\n\n\n<div class=\"wp-block-columns is-layout-flex wp-container-core-columns-is-layout-9d6595d7 wp-block-columns-is-layout-flex\">\n<div class=\"wp-block-column is-layout-flow wp-block-column-is-layout-flow\">\n<p><strong>Studentenheim Hollabrunn<\/strong><br>Dechant Pfeifer &#8211; Stra\u00dfe 3<br>A-2020 Hollabrunn<\/p>\n\n\n\n<p><strong>Email: <\/strong><a href=\"mailto:office@sth-hollabrunn.at\">office@sth-hollabrunn.at<\/a><br><strong>Tel:<\/strong> 02952 3391 &#8211; 188<br><strong>Fax:<\/strong> 02952 3391 &#8211; 79<\/p>\n<\/div>\n\n\n\n<div class=\"wp-block-column is-layout-flow wp-block-column-is-layout-flow\"><\/div>\n<\/div>\n\n\n\n<div class=\"wp-block-columns is-layout-flex wp-container-core-columns-is-layout-9d6595d7 wp-block-columns-is-layout-flex\">\n<div class=\"wp-block-column is-layout-flow wp-block-column-is-layout-flow\" style=\"flex-basis:66.66%\">\n<p><strong>Unser Sekretariat ist zu folgenden Zeiten besetzt<\/strong><br>Montag bis Donnerstag: 07:30 bis 16:00 Uhr<br>Freitag: 07:30 bis 13:30 Uhr<\/p>\n<\/div>\n\n\n\n<div class=\"wp-block-column is-layout-flow wp-block-column-is-layout-flow\" style=\"flex-basis:33.33%\"><\/div>\n<\/div>\n\n\n\n<script>\nfunction changeDiv() {\n\tdocument.getElementById(\"maps\").innerHTML='<iframe src=\"https:\/\/www.google.com\/maps\/embed?pb=!1m18!1m12!1m3!1d2640.5579623648887!2d16.065321951613097!3d48.56086132946114!2m3!1f0!2f0!3f0!3m2!1i1024!2i768!4f13.1!3m3!1m2!1s0x476d68002d2918f9%3A0x7780394ea7ac5a1a!2sStudentenheim%20Hollabrunn!5e0!3m2!1sde!2sat!4v1643536757490!5m2!1sde!2sat\" style=\"border:0;\" allowfullscreen=\"\" loading=\"lazy\" width=\"600\" height=\"450\"><\/iframe>';\n}\n<\/script>\n<div id=\"maps\" onclick=\"changeDiv()\" class=\"wp-block-columns is-layout-flex wp-container-3\" style=\"border:1px solid black; padding:5px;\">\n<p align=center><i>Inhalte von Google Maps werden aufgrund deiner aktuellen Cookie-Einstellungen nicht angezeigt. \t\tKlicke auf \u201cZustimmen &amp; anzeigen\u201d, um zuzustimmen &#8211; dass die erforderlichen Daten an Google Maps weitergeleitet werden &#8211; und den gew\u00fcnschten Inhalt anzuzeigen. Mehr dazu erf\u00e4hrst du bei den <a href=\"https:\/\/www.google.com\/intl\/de_at\/help\/terms_maps\/\">Nutzungsbedingungen von Google Maps\/Earth<\/a>. Du kannst deine Zustimmung jederzeit widerrufen. <\/i><br><br>\n<a class=\"wp-block-button__link wp-element-button\">Zustimmen und <b>Google Maps<\/b> Karte anzeigen<\/a><\/p>\n<\/div>\n","protected":false},"excerpt":{"rendered":"<p>Sollten dir die Informationen auf unserer Homepage nicht ausreichen, ruf an oder schreib uns. Gerne kann ein individueller Termin f\u00fcr ein Beratungsgespr\u00e4ch bei uns im Haus vereinbart werden. Unser Team steht dir f\u00fcr Fragen gerne zur Verf\u00fcgung. Studentenheim HollabrunnDechant Pfeifer &#8211; Stra\u00dfe 3A-2020 Hollabrunn Email: office@sth-hollabrunn.atTel: 02952 3391 &#8211; 188Fax: 02952 3391 &#8211; 79 Unser&#8230;<\/p>\n<p class=\"more-link-wrap\"><a href=\"https:\/\/www.sth-hollabrunn.at\/studentenheim\/kontakt-mehr\/\" class=\"more-link\">Read More<span class=\"screen-reader-text\"> &ldquo;Kontakt &#038; Anreise&rdquo;<\/span> &raquo;<\/a><\/p>\n","protected":false},"author":1,"featured_media":0,"parent":0,"menu_order":0,"comment_status":"closed","ping_status":"closed","template":"","meta":{"_eb_attr":"","ngg_post_thumbnail":0,"footnotes":""},"class_list":["post-44","page","type-page","status-publish","hentry"],"_links":{"self":[{"href":"https:\/\/www.sth-hollabrunn.at\/studentenheim\/wp-json\/wp\/v2\/pages\/44","targetHints":{"allow":["GET"]}}],"collection":[{"href":"https:\/\/www.sth-hollabrunn.at\/studentenheim\/wp-json\/wp\/v2\/pages"}],"about":[{"href":"https:\/\/www.sth-hollabrunn.at\/studentenheim\/wp-json\/wp\/v2\/types\/page"}],"author":[{"embeddable":true,"href":"https:\/\/www.sth-hollabrunn.at\/studentenheim\/wp-json\/wp\/v2\/users\/1"}],"replies":[{"embeddable":true,"href":"https:\/\/www.sth-hollabrunn.at\/studentenheim\/wp-json\/wp\/v2\/comments?post=44"}],"version-history":[{"count":5,"href":"https:\/\/www.sth-hollabrunn.at\/studentenheim\/wp-json\/wp\/v2\/pages\/44\/revisions"}],"predecessor-version":[{"id":596,"href":"https:\/\/www.sth-hollabrunn.at\/studentenheim\/wp-json\/wp\/v2\/pages\/44\/revisions\/596"}],"wp:attachment":[{"href":"https:\/\/www.sth-hollabrunn.at\/studentenheim\/wp-json\/wp\/v2\/media?parent=44"}],"curies":[{"name":"wp","href":"https:\/\/api.w.org\/{rel}","templated":true}]}}