{"id":40,"date":"2023-04-17T19:16:29","date_gmt":"2023-04-17T19:16:29","guid":{"rendered":"https:\/\/www.sth-hollabrunn.at\/studentenheim\/?page_id=40"},"modified":"2026-05-13T06:51:05","modified_gmt":"2026-05-13T06:51:05","slug":"htl-und-htl-lt","status":"publish","type":"page","link":"https:\/\/www.sth-hollabrunn.at\/studentenheim\/htl-und-htl-lt\/","title":{"rendered":"HTL und HTL-LT"},"content":{"rendered":"\n<p>Die <a href=\"https:\/\/www.htl-hl.ac.at\" target=\"_blank\" rel=\"noreferrer noopener\">h\u00f6here technische Bundeslehranstalt (HTL) Hollabrunn<\/a> bietet mit seiner Vielzahl an Abteilungen ein breites Spektrum an Ausbildungen.<\/p>\n\n\n\n<p>Folgende Abteilungen stehen zur Auswahl:<br>&#8211; Elektronik und Technische Informatik<br>&#8211; Elektrotechnik<br>&#8211; Informationstechnologie<br>&#8211; Maschinenbau<br>&#8211; Mechatronik<br>&#8211; Wirtschaftsingenieure<br>&#8211; Kolleg und Aufbaulehrg\u00e4nge<\/p>\n\n\n\n<p>Direkt daneben befindet sich die private <a href=\"https:\/\/www.htllt-hollabrunn.ac.at\/\" target=\"_blank\" rel=\"noreferrer noopener\">HTL f\u00fcr Lebensmitteltechnologie (HTL-LT)<\/a> &#8211; <strong>einzigartig <\/strong>in \u00d6sterreich!<\/p>\n\n\n\nngg_shortcode_0_placeholder\n","protected":false},"excerpt":{"rendered":"<p>Die h\u00f6here technische Bundeslehranstalt (HTL) Hollabrunn bietet mit seiner Vielzahl an Abteilungen ein breites Spektrum an Ausbildungen. Folgende Abteilungen stehen zur Auswahl:&#8211; Elektronik und Technische Informatik&#8211; Elektrotechnik&#8211; Informationstechnologie&#8211; Maschinenbau&#8211; Mechatronik&#8211; Wirtschaftsingenieure&#8211; Kolleg und Aufbaulehrg\u00e4nge Direkt daneben befindet sich die private HTL f\u00fcr Lebensmitteltechnologie (HTL-LT) &#8211; einzigartig in \u00d6sterreich!<\/p>\n","protected":false},"author":1,"featured_media":0,"parent":0,"menu_order":0,"comment_status":"closed","ping_status":"closed","template":"","meta":{"_eb_attr":"","ngg_post_thumbnail":0,"footnotes":""},"class_list":["post-40","page","type-page","status-publish","hentry"],"_links":{"self":[{"href":"https:\/\/www.sth-hollabrunn.at\/studentenheim\/wp-json\/wp\/v2\/pages\/40","targetHints":{"allow":["GET"]}}],"collection":[{"href":"https:\/\/www.sth-hollabrunn.at\/studentenheim\/wp-json\/wp\/v2\/pages"}],"about":[{"href":"https:\/\/www.sth-hollabrunn.at\/studentenheim\/wp-json\/wp\/v2\/types\/page"}],"author":[{"embeddable":true,"href":"https:\/\/www.sth-hollabrunn.at\/studentenheim\/wp-json\/wp\/v2\/users\/1"}],"replies":[{"embeddable":true,"href":"https:\/\/www.sth-hollabrunn.at\/studentenheim\/wp-json\/wp\/v2\/comments?post=40"}],"version-history":[{"count":4,"href":"https:\/\/www.sth-hollabrunn.at\/studentenheim\/wp-json\/wp\/v2\/pages\/40\/revisions"}],"predecessor-version":[{"id":1449,"href":"https:\/\/www.sth-hollabrunn.at\/studentenheim\/wp-json\/wp\/v2\/pages\/40\/revisions\/1449"}],"wp:attachment":[{"href":"https:\/\/www.sth-hollabrunn.at\/studentenheim\/wp-json\/wp\/v2\/media?parent=40"}],"curies":[{"name":"wp","href":"https:\/\/api.w.org\/{rel}","templated":true}]}}