{"id":284,"date":"2023-06-11T20:23:41","date_gmt":"2023-06-11T20:23:41","guid":{"rendered":"https:\/\/www.sth-hollabrunn.at\/studentenheim\/?page_id=284"},"modified":"2025-05-09T06:49:05","modified_gmt":"2025-05-09T06:49:05","slug":"kosten-information","status":"publish","type":"page","link":"https:\/\/www.sth-hollabrunn.at\/studentenheim\/kosten-information\/","title":{"rendered":"Kosten &#038; Information"},"content":{"rendered":"\n<p>Die Zimmer werden grunds\u00e4tzlich von <strong>zwei Bewohner*innen<\/strong> genutzt.<\/p>\n\n\n\n<p>Die <strong>Vollpension <\/strong>kostet <strong>495\u20ac<\/strong> f\u00fcr das Burschen- und M\u00e4dcheninternat und im <strong>Sportinternat <\/strong>betr\u00e4gt der Preis <strong>510\u20ac. <\/strong><br>F\u00fcr <strong>Geschwister <\/strong>gibt es eine <strong>Erm\u00e4\u00dfigung<\/strong>.<\/p>\n\n\n\n<p>Beim Erstbezug wird die <strong>Anmeldegeb\u00fchr <\/strong>(67\u20ac) und <strong>Schl\u00fcsselkaution <\/strong>(70\u20ac) eingehoben.<\/p>\n\n\n\n<p>Bei der ersten Anreise soll auch ein <strong>Formular <\/strong>bez\u00fcglich <strong>Datenschutz<\/strong> (DSGVO)abgegeben werden.<\/p>\n\n\n\n<p>F\u00fcr die An- und Abreise gibt es eigene <a href=\"https:\/\/www.sth-hollabrunn.at\/studentenheim\/busfahrplan\/\">Buslinien<\/a>, welche die Anfahrt zum Studentenheim erleichtern sollen.<\/p>\n\n\n\n<p><strong>Krankmeldungen <\/strong>bitte in der Schule und auch im STH beim Erzieher <strong>melden<\/strong> (02952\/3391-180).<\/p>\n\n\n\n<p>Au\u00dferdem kann unter <a href=\"https:\/\/www.bmbwf.gv.at\/Themen\/schule\/befoe\/sbh.html\" target=\"_blank\" rel=\"noreferrer noopener\">https:\/\/www.bmbwf.gv.at\/Themen\/schule\/befoe\/sbh.html<\/a> f\u00fcr eine <strong>Schul- und Heimbeihilfe angesucht werden.<\/strong><\/p>\n","protected":false},"excerpt":{"rendered":"<p>Die Zimmer werden grunds\u00e4tzlich von zwei Bewohner*innen genutzt. Die Vollpension kostet 495\u20ac f\u00fcr das Burschen- und M\u00e4dcheninternat und im Sportinternat betr\u00e4gt der Preis 510\u20ac. F\u00fcr Geschwister gibt es eine Erm\u00e4\u00dfigung. Beim Erstbezug wird die Anmeldegeb\u00fchr (67\u20ac) und Schl\u00fcsselkaution (70\u20ac) eingehoben. Bei der ersten Anreise soll auch ein Formular bez\u00fcglich Datenschutz (DSGVO)abgegeben werden. F\u00fcr die An-&#8230;<\/p>\n<p class=\"more-link-wrap\"><a href=\"https:\/\/www.sth-hollabrunn.at\/studentenheim\/kosten-information\/\" class=\"more-link\">Read More<span class=\"screen-reader-text\"> &ldquo;Kosten &#038; Information&rdquo;<\/span> &raquo;<\/a><\/p>\n","protected":false},"author":1,"featured_media":0,"parent":0,"menu_order":0,"comment_status":"closed","ping_status":"closed","template":"","meta":{"_eb_attr":"","ngg_post_thumbnail":0,"footnotes":""},"class_list":["post-284","page","type-page","status-publish","hentry"],"_links":{"self":[{"href":"https:\/\/www.sth-hollabrunn.at\/studentenheim\/wp-json\/wp\/v2\/pages\/284","targetHints":{"allow":["GET"]}}],"collection":[{"href":"https:\/\/www.sth-hollabrunn.at\/studentenheim\/wp-json\/wp\/v2\/pages"}],"about":[{"href":"https:\/\/www.sth-hollabrunn.at\/studentenheim\/wp-json\/wp\/v2\/types\/page"}],"author":[{"embeddable":true,"href":"https:\/\/www.sth-hollabrunn.at\/studentenheim\/wp-json\/wp\/v2\/users\/1"}],"replies":[{"embeddable":true,"href":"https:\/\/www.sth-hollabrunn.at\/studentenheim\/wp-json\/wp\/v2\/comments?post=284"}],"version-history":[{"count":6,"href":"https:\/\/www.sth-hollabrunn.at\/studentenheim\/wp-json\/wp\/v2\/pages\/284\/revisions"}],"predecessor-version":[{"id":1159,"href":"https:\/\/www.sth-hollabrunn.at\/studentenheim\/wp-json\/wp\/v2\/pages\/284\/revisions\/1159"}],"wp:attachment":[{"href":"https:\/\/www.sth-hollabrunn.at\/studentenheim\/wp-json\/wp\/v2\/media?parent=284"}],"curies":[{"name":"wp","href":"https:\/\/api.w.org\/{rel}","templated":true}]}}