{"id":26,"date":"2023-04-17T19:06:12","date_gmt":"2023-04-17T19:06:12","guid":{"rendered":"https:\/\/www.sth-hollabrunn.at\/studentenheim\/?page_id=26"},"modified":"2023-04-17T19:06:13","modified_gmt":"2023-04-17T19:06:13","slug":"campus-htl-sth","status":"publish","type":"page","link":"https:\/\/www.sth-hollabrunn.at\/studentenheim\/campus-htl-sth\/","title":{"rendered":"Campus HTL-STH"},"content":{"rendered":"\n<p>Unser Studentenheim steht in engem Verbund mit der HTL und der privaten HTL f\u00fcr Lebensmitteltechnologie. Daraus bildet sich der <strong>Campus HTL-STH.<\/strong><\/p>\n\n\n\n<p>Dem Geb\u00e4udeverbund sind auch zahlreiche <strong>Sportst\u00e4tten <\/strong>angeschlossen, damit sowohl der Schulbetrieb als auch der Freizeitbetrieb so abwechslungsreich und aktiv wie m\u00f6glich gestaltet werden k\u00f6nnen.<\/p>\n\n\n\n<p>Hier am Campus <strong>arbeiten <\/strong>wir alle &#8211; vom K\u00fcchenpersonal, den Haustechnikern und der Verwaltung bis hin zu den Lehrer<em>innen und Erzieher<\/em>innen &#8211;<strong> Hand in Hand <\/strong>zusammen, damit wir dich bestm\u00f6glich betreuen und unterst\u00fctzen k\u00f6nnen.<\/p>\n\n\n\n<figure class=\"wp-block-image size-large\"><img loading=\"lazy\" decoding=\"async\" width=\"1024\" height=\"512\" src=\"https:\/\/www.sth-hollabrunn.at\/studentenheim\/wp-content\/uploads\/2023\/04\/21606912-1024x512.png\" alt=\"\" class=\"wp-image-27\" srcset=\"https:\/\/www.sth-hollabrunn.at\/studentenheim\/wp-content\/uploads\/2023\/04\/21606912-1024x512.png 1024w, https:\/\/www.sth-hollabrunn.at\/studentenheim\/wp-content\/uploads\/2023\/04\/21606912-300x150.png 300w, https:\/\/www.sth-hollabrunn.at\/studentenheim\/wp-content\/uploads\/2023\/04\/21606912-768x384.png 768w, https:\/\/www.sth-hollabrunn.at\/studentenheim\/wp-content\/uploads\/2023\/04\/21606912.png 1200w\" sizes=\"auto, (max-width: 1024px) 100vw, 1024px\" \/><\/figure>\n","protected":false},"excerpt":{"rendered":"<p>Unser Studentenheim steht in engem Verbund mit der HTL und der privaten HTL f\u00fcr Lebensmitteltechnologie. Daraus bildet sich der Campus HTL-STH. Dem Geb\u00e4udeverbund sind auch zahlreiche Sportst\u00e4tten angeschlossen, damit sowohl der Schulbetrieb als auch der Freizeitbetrieb so abwechslungsreich und aktiv wie m\u00f6glich gestaltet werden k\u00f6nnen. Hier am Campus arbeiten wir alle &#8211; vom K\u00fcchenpersonal, den&#8230;<\/p>\n<p class=\"more-link-wrap\"><a href=\"https:\/\/www.sth-hollabrunn.at\/studentenheim\/campus-htl-sth\/\" class=\"more-link\">Read More<span class=\"screen-reader-text\"> &ldquo;Campus HTL-STH&rdquo;<\/span> &raquo;<\/a><\/p>\n","protected":false},"author":1,"featured_media":0,"parent":0,"menu_order":0,"comment_status":"closed","ping_status":"closed","template":"","meta":{"_eb_attr":"","ngg_post_thumbnail":0,"footnotes":""},"class_list":["post-26","page","type-page","status-publish","hentry"],"_links":{"self":[{"href":"https:\/\/www.sth-hollabrunn.at\/studentenheim\/wp-json\/wp\/v2\/pages\/26","targetHints":{"allow":["GET"]}}],"collection":[{"href":"https:\/\/www.sth-hollabrunn.at\/studentenheim\/wp-json\/wp\/v2\/pages"}],"about":[{"href":"https:\/\/www.sth-hollabrunn.at\/studentenheim\/wp-json\/wp\/v2\/types\/page"}],"author":[{"embeddable":true,"href":"https:\/\/www.sth-hollabrunn.at\/studentenheim\/wp-json\/wp\/v2\/users\/1"}],"replies":[{"embeddable":true,"href":"https:\/\/www.sth-hollabrunn.at\/studentenheim\/wp-json\/wp\/v2\/comments?post=26"}],"version-history":[{"count":1,"href":"https:\/\/www.sth-hollabrunn.at\/studentenheim\/wp-json\/wp\/v2\/pages\/26\/revisions"}],"predecessor-version":[{"id":28,"href":"https:\/\/www.sth-hollabrunn.at\/studentenheim\/wp-json\/wp\/v2\/pages\/26\/revisions\/28"}],"wp:attachment":[{"href":"https:\/\/www.sth-hollabrunn.at\/studentenheim\/wp-json\/wp\/v2\/media?parent=26"}],"curies":[{"name":"wp","href":"https:\/\/api.w.org\/{rel}","templated":true}]}}