{"id":192,"date":"2023-06-11T18:05:44","date_gmt":"2023-06-11T18:05:44","guid":{"rendered":"https:\/\/www.sth-hollabrunn.at\/studentenheim\/?page_id=192"},"modified":"2023-06-23T11:54:20","modified_gmt":"2023-06-23T11:54:20","slug":"wohnen","status":"publish","type":"page","link":"https:\/\/www.sth-hollabrunn.at\/studentenheim\/wohnen\/","title":{"rendered":"Wohnen"},"content":{"rendered":"\n<p>Unsere Zimmer sind grunds\u00e4tzlich f\u00fcr zwei Bewohner*innen gedacht. Diese teilen sich ein Zimmer mit Betten und Schreibtischen, einen Vorraum mit K\u00e4sten, ein Bad und ein WC.<\/p>\n\n\n\n<div class=\"wp-block-columns is-layout-flex wp-container-core-columns-is-layout-9d6595d7 wp-block-columns-is-layout-flex\">\n<div class=\"wp-block-column is-layout-flow wp-block-column-is-layout-flow\" style=\"flex-basis:33.33%\">\n<figure class=\"wp-block-image size-full\"><img loading=\"lazy\" decoding=\"async\" width=\"413\" height=\"704\" src=\"https:\/\/www.sth-hollabrunn.at\/studentenheim\/wp-content\/uploads\/21611992.png\" alt=\"\" class=\"wp-image-193\" srcset=\"https:\/\/www.sth-hollabrunn.at\/studentenheim\/wp-content\/uploads\/21611992.png 413w, https:\/\/www.sth-hollabrunn.at\/studentenheim\/wp-content\/uploads\/21611992-176x300.png 176w\" sizes=\"auto, (max-width: 413px) 100vw, 413px\" \/><\/figure>\n<\/div>\n\n\n\n<div class=\"wp-block-column is-layout-flow wp-block-column-is-layout-flow\" style=\"flex-basis:66.66%\">\n<figure style=\"width:600px;height:300px\" class=\"wp-block-algori-360-image-block-algori-360-image aligncenter\"><a-scene loading-screen=\"enabled: false;\" device-orientation-permission-ui=\"enabled: false\" embedded=\"\"><a-entity camera=\"\" look-controls=\"reverseMouseDrag: true\"><\/a-entity><a-sky src=\"https:\/\/www.sth-hollabrunn.at\/studentenheim\/wp-content\/uploads\/360_Zimmer_MDI_2-scaled.jpg\"><\/a-sky><\/a-scene><\/figure>\n<\/div>\n<\/div>\n\n\n\n<p>Hier siehst du den <strong>Grundriss<\/strong> einer Wohneinheit.<\/p>\n\n\n\n<div class=\"wp-block-columns is-layout-flex wp-container-core-columns-is-layout-9d6595d7 wp-block-columns-is-layout-flex\">\n<div class=\"wp-block-column is-layout-flow wp-block-column-is-layout-flow\" style=\"flex-basis:66.66%\">\n<figure style=\"width:600px;height:300px\" class=\"wp-block-algori-360-image-block-algori-360-image alignundefined\"><a-scene loading-screen=\"enabled: false;\" device-orientation-permission-ui=\"enabled: false\" embedded=\"\"><a-entity camera=\"\" look-controls=\"reverseMouseDrag: true\"><\/a-entity><a-sky src=\"https:\/\/www.sth-hollabrunn.at\/studentenheim\/wp-content\/uploads\/360_CouchBuecher1-scaled.jpg\"><\/a-sky><\/a-scene><\/figure>\n<\/div>\n\n\n\n<div class=\"wp-block-column is-layout-flow wp-block-column-is-layout-flow\" style=\"flex-basis:33.33%\">\n<p>In jedem Halbstock steht eine <strong>gem\u00fctliche Couch,<\/strong> auf der gemeinsam gelernt, geplaudert oder einfach nur relaxt werden kann.<\/p>\n<\/div>\n<\/div>\n","protected":false},"excerpt":{"rendered":"<p>Unsere Zimmer sind grunds\u00e4tzlich f\u00fcr zwei Bewohner*innen gedacht. Diese teilen sich ein Zimmer mit Betten und Schreibtischen, einen Vorraum mit K\u00e4sten, ein Bad und ein WC. Hier siehst du den Grundriss einer Wohneinheit. In jedem Halbstock steht eine gem\u00fctliche Couch, auf der gemeinsam gelernt, geplaudert oder einfach nur relaxt werden kann.<\/p>\n","protected":false},"author":1,"featured_media":0,"parent":0,"menu_order":0,"comment_status":"closed","ping_status":"closed","template":"","meta":{"_eb_attr":"","ngg_post_thumbnail":0,"footnotes":""},"class_list":["post-192","page","type-page","status-publish","hentry"],"_links":{"self":[{"href":"https:\/\/www.sth-hollabrunn.at\/studentenheim\/wp-json\/wp\/v2\/pages\/192","targetHints":{"allow":["GET"]}}],"collection":[{"href":"https:\/\/www.sth-hollabrunn.at\/studentenheim\/wp-json\/wp\/v2\/pages"}],"about":[{"href":"https:\/\/www.sth-hollabrunn.at\/studentenheim\/wp-json\/wp\/v2\/types\/page"}],"author":[{"embeddable":true,"href":"https:\/\/www.sth-hollabrunn.at\/studentenheim\/wp-json\/wp\/v2\/users\/1"}],"replies":[{"embeddable":true,"href":"https:\/\/www.sth-hollabrunn.at\/studentenheim\/wp-json\/wp\/v2\/comments?post=192"}],"version-history":[{"count":4,"href":"https:\/\/www.sth-hollabrunn.at\/studentenheim\/wp-json\/wp\/v2\/pages\/192\/revisions"}],"predecessor-version":[{"id":1151,"href":"https:\/\/www.sth-hollabrunn.at\/studentenheim\/wp-json\/wp\/v2\/pages\/192\/revisions\/1151"}],"wp:attachment":[{"href":"https:\/\/www.sth-hollabrunn.at\/studentenheim\/wp-json\/wp\/v2\/media?parent=192"}],"curies":[{"name":"wp","href":"https:\/\/api.w.org\/{rel}","templated":true}]}}