{"id":170,"date":"2023-05-05T11:39:40","date_gmt":"2023-05-05T11:39:40","guid":{"rendered":"https:\/\/www.sth-hollabrunn.at\/studentenheim\/?page_id=170"},"modified":"2024-10-24T09:51:02","modified_gmt":"2024-10-24T09:51:02","slug":"busfahrplan","status":"publish","type":"page","link":"https:\/\/www.sth-hollabrunn.at\/studentenheim\/busfahrplan\/","title":{"rendered":"Busfahrplan"},"content":{"rendered":"\n<p>Gemeinsam mit dem VerkehrsVerbund Ostregion (VOR) gibt es zur An- und Abreise eigene Buslinien, welche die Anfahrt zum Studentenheim so einfach wie m\u00f6glich machen sollen.<\/p>\n\n\n\n<p><mark style=\"background-color:rgba(0, 0, 0, 0)\" class=\"has-inline-color has-vivid-red-color\"><strong>ACHTUNG: <\/strong>Ver\u00e4nderungen aufgrund der Feiertage\/Tag der offenen T\u00fcr g\u00fcltig f\u00fcr das <strong>Schuljahr 2024\/25<\/strong><\/mark><strong> <mark style=\"background-color:rgba(0, 0, 0, 0)\" class=\"has-inline-color has-vivid-red-color\">f\u00e4hrt der Bus am: <\/mark><\/strong><\/p>\n\n\n\n<p><strong>Tag der offenen T\u00fcr<\/strong> &#8211; Samstag 23.11.2024, 12:45 &#8211; 13:00 Uhr (Abfrage Scotty) \u2013 Freitag 22.11. kein Bus!<br><strong>Ostern <\/strong>&#8211; Dienstag 22.04.2025<br><strong>Christi Himmelfahrt <\/strong>&#8211; Mittwoch 28.05.2025<br><strong>Pfingsten <\/strong>&#8211; Dienstag 10.06.2025<br><strong>Fronleichnam<\/strong> &#8211; Mittwoch 18.06.2025<br><em>\u00c4nderungen vorbehalten &#8211;<\/em> <a href=\"https:\/\/fahrplan.oebb.at\/bin\/query.exe\/dn?L=vs_postbus\" target=\"_blank\" rel=\"noreferrer noopener\">Details unter Fahrplanauskunft (oebb.at) \u201eScotty\u201c ersichtlich.<\/a><\/p>\n\n\n\n<p><a href=\"https:\/\/www.sth-hollabrunn.at\/studentenheim\/wp-content\/uploads\/Busfahrplan_2024_2025.pdf\" target=\"_blank\" rel=\"noreferrer noopener\">Download &#8222;Busfahrplan VOR&#8220;<\/a><\/p>\n\n\n\n<div class=\"wp-block-media-text is-stacked-on-mobile\" style=\"grid-template-columns:32% auto\"><figure class=\"wp-block-media-text__media\"><img loading=\"lazy\" decoding=\"async\" width=\"315\" height=\"160\" src=\"https:\/\/www.sth-hollabrunn.at\/studentenheim\/wp-content\/uploads\/vor.png\" alt=\"\" class=\"wp-image-171 size-full\" srcset=\"https:\/\/www.sth-hollabrunn.at\/studentenheim\/wp-content\/uploads\/vor.png 315w, https:\/\/www.sth-hollabrunn.at\/studentenheim\/wp-content\/uploads\/vor-300x152.png 300w\" sizes=\"auto, (max-width: 315px) 100vw, 315px\" \/><\/figure><div class=\"wp-block-media-text__content\"><\/div><\/div>\n\n\n\nngg_shortcode_0_placeholder\n\n\n\n<p>Einige nette kleine Helferlein des Verkehrsverbund Ostregion (VOR):<\/p>\n\n\n\n<p><a href=\"https:\/\/anachb.vor.at\/\" target=\"_blank\" rel=\"noreferrer noopener\">VOR Routenplaner<\/a><\/p>\n\n\n\n<p><a href=\"https:\/\/www.vor.at\/fahrplan-mobilitaet\/fahrplan-bus-bahn\/linienfahrplan\" target=\"_blank\" rel=\"noreferrer noopener\">VOR Linienfahrplan<\/a><\/p>\n","protected":false},"excerpt":{"rendered":"<p>Gemeinsam mit dem VerkehrsVerbund Ostregion (VOR) gibt es zur An- und Abreise eigene Buslinien, welche die Anfahrt zum Studentenheim so einfach wie m\u00f6glich machen sollen. ACHTUNG: Ver\u00e4nderungen aufgrund der Feiertage\/Tag der offenen T\u00fcr g\u00fcltig f\u00fcr das Schuljahr 2024\/25 f\u00e4hrt der Bus am: Tag der offenen T\u00fcr &#8211; Samstag 23.11.2024, 12:45 &#8211; 13:00 Uhr (Abfrage Scotty)&#8230;<\/p>\n<p class=\"more-link-wrap\"><a href=\"https:\/\/www.sth-hollabrunn.at\/studentenheim\/busfahrplan\/\" class=\"more-link\">Read More<span class=\"screen-reader-text\"> &ldquo;Busfahrplan&rdquo;<\/span> &raquo;<\/a><\/p>\n","protected":false},"author":1,"featured_media":0,"parent":0,"menu_order":0,"comment_status":"closed","ping_status":"closed","template":"","meta":{"_eb_attr":"","ngg_post_thumbnail":0,"footnotes":""},"class_list":["post-170","page","type-page","status-publish","hentry"],"_links":{"self":[{"href":"https:\/\/www.sth-hollabrunn.at\/studentenheim\/wp-json\/wp\/v2\/pages\/170","targetHints":{"allow":["GET"]}}],"collection":[{"href":"https:\/\/www.sth-hollabrunn.at\/studentenheim\/wp-json\/wp\/v2\/pages"}],"about":[{"href":"https:\/\/www.sth-hollabrunn.at\/studentenheim\/wp-json\/wp\/v2\/types\/page"}],"author":[{"embeddable":true,"href":"https:\/\/www.sth-hollabrunn.at\/studentenheim\/wp-json\/wp\/v2\/users\/1"}],"replies":[{"embeddable":true,"href":"https:\/\/www.sth-hollabrunn.at\/studentenheim\/wp-json\/wp\/v2\/comments?post=170"}],"version-history":[{"count":12,"href":"https:\/\/www.sth-hollabrunn.at\/studentenheim\/wp-json\/wp\/v2\/pages\/170\/revisions"}],"predecessor-version":[{"id":967,"href":"https:\/\/www.sth-hollabrunn.at\/studentenheim\/wp-json\/wp\/v2\/pages\/170\/revisions\/967"}],"wp:attachment":[{"href":"https:\/\/www.sth-hollabrunn.at\/studentenheim\/wp-json\/wp\/v2\/media?parent=170"}],"curies":[{"name":"wp","href":"https:\/\/api.w.org\/{rel}","templated":true}]}}