{"id":1009,"date":"2024-12-01T16:35:49","date_gmt":"2024-12-01T16:35:49","guid":{"rendered":"https:\/\/www.sth-hollabrunn.at\/studentenheim\/?page_id=1009"},"modified":"2024-12-01T16:39:06","modified_gmt":"2024-12-01T16:39:06","slug":"schnuppern","status":"publish","type":"page","link":"https:\/\/www.sth-hollabrunn.at\/studentenheim\/schnuppern\/","title":{"rendered":"Schnuppern"},"content":{"rendered":"\n<p><strong>Internatsluft schnuppern<\/strong>&#8230;<\/p>\n\n\n\n<p>Du hast Interesse, einen Tag als Schnuppersch\u00fcler*in an der HTL oder einer anderen Schule in Hollabrunn zu verbringen? Dann nutze die Gelegenheit und teste auch gleich, wie es ist, Bewohner*in unseres Studentenheims (direkt neben der HTL Hollabrunn) zu sein.<\/p>\n\n\n\n<p>F\u00fcr viele Jugendliche ist der Schritt in ein Internat ein ganz bedeutender, der sorgf\u00e4ltig \u00fcberlegt sein m\u00f6chte. Vielleicht denkst auch du dar\u00fcber nach, k\u00fcnftig in ein Internat zu ziehen. Eine Schnupper\u00fcbernachtung in unserem Haus bietet die einzigartige M\u00f6glichkeit, unsere R\u00e4umlichkeiten kennenzulernen und den Alltag der Jugendlichen in unserem Haus hautnah und authentisch mitzuerleben.<\/p>\n\n\n\n<p>Du reist am Nachmittag an und checkst in einem unserer Internatszimmer ein. Danach kannst du dich mit unseren Jugendlichen austauschen und dir aus n\u00e4chster N\u00e4he ein Bild davon machen, wie das Internatsleben aussieht. Nach dem Fr\u00fchst\u00fcck am n\u00e4chsten Tag startest du dann gest\u00e4rkt in den Schulschnuppertag.<\/p>\n\n\n\n<div class=\"wp-block-media-text is-stacked-on-mobile\" style=\"grid-template-columns:42% auto\"><figure class=\"wp-block-media-text__media\"><img loading=\"lazy\" decoding=\"async\" width=\"1024\" height=\"473\" src=\"https:\/\/www.sth-hollabrunn.at\/studentenheim\/wp-content\/uploads\/IMG_20231016_073546-1024x473.jpg\" alt=\"\" class=\"wp-image-1010 size-full\" srcset=\"https:\/\/www.sth-hollabrunn.at\/studentenheim\/wp-content\/uploads\/IMG_20231016_073546-1024x473.jpg 1024w, https:\/\/www.sth-hollabrunn.at\/studentenheim\/wp-content\/uploads\/IMG_20231016_073546-300x138.jpg 300w, https:\/\/www.sth-hollabrunn.at\/studentenheim\/wp-content\/uploads\/IMG_20231016_073546-768x354.jpg 768w, https:\/\/www.sth-hollabrunn.at\/studentenheim\/wp-content\/uploads\/IMG_20231016_073546-1536x709.jpg 1536w, https:\/\/www.sth-hollabrunn.at\/studentenheim\/wp-content\/uploads\/IMG_20231016_073546-2048x945.jpg 2048w\" sizes=\"auto, (max-width: 1024px) 100vw, 1024px\" \/><\/figure><div class=\"wp-block-media-text__content\">\n<p><strong>Melde dich jetzt an!<\/strong> Telefonisch unter <strong>+43(0)2952 3391-188<\/strong> oder per Mail an <a href=\"mailto:office@sth-hollabrunn.at\" target=\"_blank\" rel=\"noreferrer noopener\"><strong>office@sth-hollabrunn.at<\/strong><\/a><\/p>\n<\/div><\/div>\n\n\n\n<h4 class=\"wp-block-heading has-text-align-center\"><strong>Wir freuen uns auf dich!<\/strong><\/h4>\n","protected":false},"excerpt":{"rendered":"<p>Internatsluft schnuppern&#8230; Du hast Interesse, einen Tag als Schnuppersch\u00fcler*in an der HTL oder einer anderen Schule in Hollabrunn zu verbringen? Dann nutze die Gelegenheit und teste auch gleich, wie es ist, Bewohner*in unseres Studentenheims (direkt neben der HTL Hollabrunn) zu sein. F\u00fcr viele Jugendliche ist der Schritt in ein Internat ein ganz bedeutender, der sorgf\u00e4ltig&#8230;<\/p>\n<p class=\"more-link-wrap\"><a href=\"https:\/\/www.sth-hollabrunn.at\/studentenheim\/schnuppern\/\" class=\"more-link\">Read More<span class=\"screen-reader-text\"> &ldquo;Schnuppern&rdquo;<\/span> &raquo;<\/a><\/p>\n","protected":false},"author":1,"featured_media":0,"parent":0,"menu_order":0,"comment_status":"closed","ping_status":"closed","template":"","meta":{"_eb_attr":"","ngg_post_thumbnail":0,"footnotes":""},"class_list":["post-1009","page","type-page","status-publish","hentry"],"_links":{"self":[{"href":"https:\/\/www.sth-hollabrunn.at\/studentenheim\/wp-json\/wp\/v2\/pages\/1009","targetHints":{"allow":["GET"]}}],"collection":[{"href":"https:\/\/www.sth-hollabrunn.at\/studentenheim\/wp-json\/wp\/v2\/pages"}],"about":[{"href":"https:\/\/www.sth-hollabrunn.at\/studentenheim\/wp-json\/wp\/v2\/types\/page"}],"author":[{"embeddable":true,"href":"https:\/\/www.sth-hollabrunn.at\/studentenheim\/wp-json\/wp\/v2\/users\/1"}],"replies":[{"embeddable":true,"href":"https:\/\/www.sth-hollabrunn.at\/studentenheim\/wp-json\/wp\/v2\/comments?post=1009"}],"version-history":[{"count":2,"href":"https:\/\/www.sth-hollabrunn.at\/studentenheim\/wp-json\/wp\/v2\/pages\/1009\/revisions"}],"predecessor-version":[{"id":1015,"href":"https:\/\/www.sth-hollabrunn.at\/studentenheim\/wp-json\/wp\/v2\/pages\/1009\/revisions\/1015"}],"wp:attachment":[{"href":"https:\/\/www.sth-hollabrunn.at\/studentenheim\/wp-json\/wp\/v2\/media?parent=1009"}],"curies":[{"name":"wp","href":"https:\/\/api.w.org\/{rel}","templated":true}]}}