{"id":47,"date":"2023-07-24T15:52:44","date_gmt":"2023-07-24T15:52:44","guid":{"rendered":"https:\/\/www.sth-hollabrunn.at\/stadthotel\/?page_id=47"},"modified":"2024-05-16T06:14:24","modified_gmt":"2024-05-16T06:14:24","slug":"seminare","status":"publish","type":"page","link":"https:\/\/www.sth-hollabrunn.at\/stadthotel\/seminare\/","title":{"rendered":"Seminare"},"content":{"rendered":"\n<div class=\"wp-block-media-text is-stacked-on-mobile\" style=\"grid-template-columns:44% auto\"><figure class=\"wp-block-media-text__media\"><img loading=\"lazy\" decoding=\"async\" width=\"705\" height=\"471\" src=\"https:\/\/www.sth-hollabrunn.at\/stadthotel\/wp-content\/uploads\/2023\/07\/097_meeting_ba-705x471-1.jpg\" alt=\"\" class=\"wp-image-53 size-full\" srcset=\"https:\/\/www.sth-hollabrunn.at\/stadthotel\/wp-content\/uploads\/2023\/07\/097_meeting_ba-705x471-1.jpg 705w, https:\/\/www.sth-hollabrunn.at\/stadthotel\/wp-content\/uploads\/2023\/07\/097_meeting_ba-705x471-1-300x200.jpg 300w\" sizes=\"auto, (max-width: 705px) 100vw, 705px\" \/><\/figure><div class=\"wp-block-media-text__content\">\n<h5 class=\"wp-block-heading\">Weiterbildung<\/h5>\n\n\n\n<p>Wir verf\u00fcgen&nbsp;\u00fcber<strong> 8 Seminarr\u00e4ume,<\/strong> die je nach Bestuhlung von <strong>10 bis 150 Personen<\/strong> Platz bieten.<\/p>\n\n\n\n<p>Ob Seminare, Konferenzen, Bildungskurse, Vortr\u00e4ge oder Ausstellungen, aufgrund der unterschiedlichen Ausstattungen sind unsere R\u00e4umlichkeiten ideal f\u00fcr <strong>verschiedenste Veranstaltungen. <\/strong>&nbsp;<\/p>\n<\/div><\/div>\n\n\n\n<div class=\"wp-block-media-text has-media-on-the-right is-stacked-on-mobile\" style=\"grid-template-columns:auto 49%\"><div class=\"wp-block-media-text__content\">\n<p><strong>Equipment<\/strong> wie Beamer,&nbsp;Flipchart, Pinnwand,&nbsp;Overheadprojektor,&nbsp;Internetanschluss und WLAN Verbindung sind verf\u00fcgbar. <\/p>\n\n\n\n<p>Gerne sorgen wir auch f\u00fcr die <strong>optimale Verpflegung. <\/strong>Nach Wunsch bieten wir Ihnen vom ausgewogenen Fr\u00fchst\u00fcck \u00fcber vitaminreiche Pausen bis zum k\u00f6stlichen Abendessen alle Speisevarianten.&nbsp;<\/p>\n\n\n\n<p><strong>Gerne stellen wir Ihnen ein unverbindliches Angebot zusammen!<\/strong><\/p>\n<\/div><figure class=\"wp-block-media-text__media\"><img loading=\"lazy\" decoding=\"async\" width=\"705\" height=\"471\" src=\"https:\/\/www.sth-hollabrunn.at\/stadthotel\/wp-content\/uploads\/2023\/07\/075_meeting_ba-705x471-1.jpg\" alt=\"\" class=\"wp-image-55 size-full\" srcset=\"https:\/\/www.sth-hollabrunn.at\/stadthotel\/wp-content\/uploads\/2023\/07\/075_meeting_ba-705x471-1.jpg 705w, https:\/\/www.sth-hollabrunn.at\/stadthotel\/wp-content\/uploads\/2023\/07\/075_meeting_ba-705x471-1-300x200.jpg 300w\" sizes=\"auto, (max-width: 705px) 100vw, 705px\" \/><\/figure><\/div>\n\n\n\n<div class=\"wp-block-buttons alignwide is-content-justification-center is-layout-flex wp-container-core-buttons-is-layout-16018d1d wp-block-buttons-is-layout-flex\">\n<div class=\"wp-block-button has-custom-font-size is-style-fill has-medium-font-size\" style=\"font-style:normal;font-weight:700\"><a class=\"wp-block-button__link has-background wp-element-button\" href=\"https:\/\/www.sth-hollabrunn.at\/stadthotel\/anfrage\/\" style=\"background-color:#22306d\">Zur Anfrage<\/a><\/div>\n<\/div>\n\n\n\n<hr class=\"wp-block-separator has-alpha-channel-opacity\"\/>\n\n\n\n<div class=\"alignnormal\"><div id=\"metaslider-id-375\" style=\"width: 100%;\" class=\"ml-slider-3-108-0 metaslider metaslider-flex metaslider-375 ml-slider has-dots-nav ms-theme-default\" role=\"region\" aria-label=\"Seminare\" data-height=\"683\" data-width=\"1024\">\n    <div id=\"metaslider_container_375\">\n        <div id=\"metaslider_375\">\n            <ul class='slides'>\n                <li style=\"display: block; width: 100%;\" class=\"slide-379 ms-image \" aria-roledescription=\"slide\" data-date=\"2024-03-22 09:57:58\" data-filename=\"DSC1858-1024x683.jpg\" data-slide-type=\"image\"><img loading=\"lazy\" decoding=\"async\" src=\"https:\/\/www.sth-hollabrunn.at\/stadthotel\/wp-content\/uploads\/2024\/03\/DSC1858-1024x683.jpg\" height=\"683\" width=\"1024\" alt=\"\" class=\"slider-375 slide-379 msDefaultImage\" title=\"DSC1858\" \/><\/li>\n                <li style=\"display: none; width: 100%;\" class=\"slide-381 ms-image \" aria-roledescription=\"slide\" data-date=\"2024-03-22 09:57:58\" data-filename=\"DSC1682_1024.jpg\" data-slide-type=\"image\"><img loading=\"lazy\" decoding=\"async\" src=\"https:\/\/www.sth-hollabrunn.at\/stadthotel\/wp-content\/uploads\/2024\/03\/DSC1682_1024.jpg\" height=\"683\" width=\"1024\" alt=\"\" class=\"slider-375 slide-381 msDefaultImage\" title=\"_DSC1682_1024\" \/><\/li>\n                <li style=\"display: none; width: 100%;\" class=\"slide-380 ms-image \" aria-roledescription=\"slide\" data-date=\"2024-03-22 09:57:58\" data-filename=\"DSC1579_1024.jpg\" data-slide-type=\"image\"><img loading=\"lazy\" decoding=\"async\" src=\"https:\/\/www.sth-hollabrunn.at\/stadthotel\/wp-content\/uploads\/2024\/03\/DSC1579_1024.jpg\" height=\"683\" width=\"1024\" alt=\"\" class=\"slider-375 slide-380 msDefaultImage\" title=\"_DSC1579_1024\" \/><\/li>\n            <\/ul>\n        <\/div>\n        \n    <\/div>\n<\/div><\/div>\n\n\n\n<div class=\"wp-block-columns is-layout-flex wp-container-core-columns-is-layout-9d6595d7 wp-block-columns-is-layout-flex\">\n<div class=\"wp-block-column is-layout-flow wp-block-column-is-layout-flow\">\n<div class=\"wp-block-cover is-light has-small-font-size wp-duotone-22306d-rgb122138196-2\" style=\"margin-top:0;padding-top:38px;padding-right:48px;padding-bottom:38px;padding-left:48px;min-height:6vh;aspect-ratio:unset;\"><span aria-hidden=\"true\" class=\"wp-block-cover__background has-background-dim-30 has-background-dim\"><\/span><img loading=\"lazy\" decoding=\"async\" width=\"8256\" height=\"5504\" class=\"wp-block-cover__image-background wp-image-302\" alt=\"\" src=\"https:\/\/www.sth-hollabrunn.at\/stadthotel\/wp-content\/uploads\/2024\/03\/DSC1858-1.jpg\" data-object-fit=\"cover\" srcset=\"https:\/\/www.sth-hollabrunn.at\/stadthotel\/wp-content\/uploads\/2024\/03\/DSC1858-1.jpg 8256w, https:\/\/www.sth-hollabrunn.at\/stadthotel\/wp-content\/uploads\/2024\/03\/DSC1858-1-300x200.jpg 300w, https:\/\/www.sth-hollabrunn.at\/stadthotel\/wp-content\/uploads\/2024\/03\/DSC1858-1-1024x683.jpg 1024w, https:\/\/www.sth-hollabrunn.at\/stadthotel\/wp-content\/uploads\/2024\/03\/DSC1858-1-768x512.jpg 768w, https:\/\/www.sth-hollabrunn.at\/stadthotel\/wp-content\/uploads\/2024\/03\/DSC1858-1-1536x1024.jpg 1536w\" sizes=\"auto, (max-width: 8256px) 100vw, 8256px\" \/><div class=\"wp-block-cover__inner-container is-layout-flow wp-block-cover-is-layout-flow\">\n<div class=\"wp-block-group is-content-justification-left\"><div class=\"wp-block-group__inner-container is-layout-constrained wp-container-core-group-is-layout-7206f975 wp-block-group-is-layout-constrained\">\n<h2 class=\"wp-block-heading has-text-align-left has-white-color has-text-color has-large-font-size\" style=\"font-style:normal;font-weight:700;letter-spacing:0px;line-height:1;text-transform:uppercase\">Seminar Folder<\/h2>\n<\/div><\/div>\n\n\n\n<div class=\"wp-block-buttons is-content-justification-left is-nowrap is-layout-flex wp-container-core-buttons-is-layout-6447b855 wp-block-buttons-is-layout-flex\">\n<div class=\"wp-block-button has-custom-font-size is-style-outline is-style-outline--1\" style=\"font-size:16px;font-style:normal;font-weight:600;letter-spacing:0px;text-transform:uppercase\"><a class=\"wp-block-button__link has-white-color has-text-color wp-element-button\" href=\"https:\/\/www.sth-hollabrunn.at\/stadthotel\/wp-content\/uploads\/2024\/05\/Seminarraumuebersicht-1.pdf\" style=\"padding-top:24px;padding-right:48px;padding-bottom:24px;padding-left:48px\" target=\"_blank\" rel=\"noreferrer noopener\">Download<\/a><\/div>\n<\/div>\n<\/div><\/div>\n<\/div>\n\n\n\n<div class=\"wp-block-column is-vertically-aligned-center is-layout-flow wp-block-column-is-layout-flow\">\n<p><strong>Kompaktes Wissen \u00fcber unsere Seminarr\u00e4ume<\/strong> &#8211; zum Beispiel Kosten, Gr\u00f6\u00dfe, Ausstattung und Verpflegung &#8211; findet man hier als <a href=\"https:\/\/www.sth-hollabrunn.at\/stadthotel\/wp-content\/uploads\/2024\/05\/Seminarraumuebersicht-1.pdf\" target=\"_blank\" rel=\"noreferrer noopener\">DOWNLOAD.<\/a><\/p>\n<\/div>\n<\/div>\n","protected":false},"excerpt":{"rendered":"<p>Weiterbildung Wir verf\u00fcgen&nbsp;\u00fcber 8 Seminarr\u00e4ume, die je nach Bestuhlung von 10 bis 150 Personen Platz bieten. Ob Seminare, Konferenzen, Bildungskurse, Vortr\u00e4ge oder Ausstellungen, aufgrund der unterschiedlichen Ausstattungen sind unsere R\u00e4umlichkeiten ideal f\u00fcr verschiedenste Veranstaltungen. &nbsp; Equipment wie Beamer,&nbsp;Flipchart, Pinnwand,&nbsp;Overheadprojektor,&nbsp;Internetanschluss und WLAN Verbindung sind verf\u00fcgbar. Gerne sorgen wir auch f\u00fcr die optimale Verpflegung. Nach Wunsch bieten&#8230;<\/p>\n<p class=\"more-link-wrap\"><a href=\"https:\/\/www.sth-hollabrunn.at\/stadthotel\/seminare\/\" class=\"more-link\">Read More<span class=\"screen-reader-text\"> &ldquo;Seminare&rdquo;<\/span> &raquo;<\/a><\/p>\n","protected":false},"author":1,"featured_media":0,"parent":0,"menu_order":0,"comment_status":"closed","ping_status":"closed","template":"","meta":{"ngg_post_thumbnail":0,"footnotes":""},"class_list":["post-47","page","type-page","status-publish","hentry"],"_links":{"self":[{"href":"https:\/\/www.sth-hollabrunn.at\/stadthotel\/wp-json\/wp\/v2\/pages\/47","targetHints":{"allow":["GET"]}}],"collection":[{"href":"https:\/\/www.sth-hollabrunn.at\/stadthotel\/wp-json\/wp\/v2\/pages"}],"about":[{"href":"https:\/\/www.sth-hollabrunn.at\/stadthotel\/wp-json\/wp\/v2\/types\/page"}],"author":[{"embeddable":true,"href":"https:\/\/www.sth-hollabrunn.at\/stadthotel\/wp-json\/wp\/v2\/users\/1"}],"replies":[{"embeddable":true,"href":"https:\/\/www.sth-hollabrunn.at\/stadthotel\/wp-json\/wp\/v2\/comments?post=47"}],"version-history":[{"count":25,"href":"https:\/\/www.sth-hollabrunn.at\/stadthotel\/wp-json\/wp\/v2\/pages\/47\/revisions"}],"predecessor-version":[{"id":402,"href":"https:\/\/www.sth-hollabrunn.at\/stadthotel\/wp-json\/wp\/v2\/pages\/47\/revisions\/402"}],"wp:attachment":[{"href":"https:\/\/www.sth-hollabrunn.at\/stadthotel\/wp-json\/wp\/v2\/media?parent=47"}],"curies":[{"name":"wp","href":"https:\/\/api.w.org\/{rel}","templated":true}]}}