{"id":43,"date":"2023-07-24T15:52:25","date_gmt":"2023-07-24T15:52:25","guid":{"rendered":"https:\/\/www.sth-hollabrunn.at\/stadthotel\/?page_id=43"},"modified":"2024-07-24T19:39:06","modified_gmt":"2024-07-24T19:39:06","slug":"essen","status":"publish","type":"page","link":"https:\/\/www.sth-hollabrunn.at\/stadthotel\/essen\/","title":{"rendered":"Essen"},"content":{"rendered":"\n<h4 class=\"wp-block-heading\">Speisesaal<\/h4>\n\n\n\n<div class=\"wp-block-media-text has-media-on-the-right is-stacked-on-mobile\"><div class=\"wp-block-media-text__content\">\n<p>Unsere K\u00fcche bereitet t\u00e4glich \u00fcber 700 frische Mahlzeiten f\u00fcr Sch\u00fcler, Lehrer, Kinderg\u00e4rten und Hotelg\u00e4ste zu. <\/p>\n\n\n\n<p>Dabei legen wir besonderen Wert auf Qualit\u00e4t und Nachhaltigkeit \u2013 deshalb sind wir stolz darauf, das &#8222;Tut Gut&#8220; G\u00fctesiegel zu tragen. Dieses G\u00fctesiegel best\u00e4tigt, dass unsere K\u00fcche nach strengen Kriterien f\u00fcr gesunde und abwechslungsreiche Gerichte ausgezeichnet wurde.<\/p>\n\n\n\n<p>Beim Mittagessen k\u00f6nnen Sie aus drei verschiedenen Gerichten w\u00e4hlen, von denen t\u00e4glich eines vegetarisch ist. Zus\u00e4tzlich k\u00f6nnen Sie sich an unserem reichhaltigen Salatbuffet bedienen.<\/p>\n\n\n\n<p>Bei Gruppenreisen nehmen wir R\u00fccksicht auf Intoleranzen und Allergien, um sicherzustellen, dass jeder Gast eine passende und sichere Mahlzeit genie\u00dfen kann.<\/p>\n\n\n\n<p>Genie\u00dfen Sie unser reichhaltiges Fr\u00fchst\u00fccksbuffet, das bei jeder Hotel\u00fcbernachtung inklusive ist.<\/p>\n<\/div><figure class=\"wp-block-media-text__media\"><img loading=\"lazy\" decoding=\"async\" width=\"1024\" height=\"563\" src=\"https:\/\/www.sth-hollabrunn.at\/stadthotel\/wp-content\/uploads\/2024\/03\/Fruehstueck_1024.png\" alt=\"\" class=\"wp-image-326 size-full\" srcset=\"https:\/\/www.sth-hollabrunn.at\/stadthotel\/wp-content\/uploads\/2024\/03\/Fruehstueck_1024.png 1024w, https:\/\/www.sth-hollabrunn.at\/stadthotel\/wp-content\/uploads\/2024\/03\/Fruehstueck_1024-300x165.png 300w, https:\/\/www.sth-hollabrunn.at\/stadthotel\/wp-content\/uploads\/2024\/03\/Fruehstueck_1024-768x422.png 768w\" sizes=\"auto, (max-width: 1024px) 100vw, 1024px\" \/><\/figure><\/div>\n\n\n\n<p>F\u00fcr weitere Verpflegung bei Gruppenreisen oder Veranstaltungen erstellen wir Ihnen <strong><a href=\"https:\/\/www.sth-hollabrunn.at\/stadthotel\/anfrage\/\">auf Anfrage<\/a><\/strong> sehr gerne ein Verpflegungspaket mit Halb- oder Vollpension.<\/p>\n\n\n\n<p><a href=\"https:\/\/www.sth-hollabrunn.at\/speiseplan\/\" target=\"_blank\" rel=\"noreferrer noopener\">Ferienzeit! Eingeschr\u00e4nkter K\u00fcchenbetrieb bis 12 Uhr. Hier geht es sonst zum aktuellen Speiseplan!<\/a><\/p>\n\n\n\n<h4 class=\"wp-block-heading\">Campus Caf\u00e9<\/h4>\n\n\n\n<p>Neben der Rezeption befindet sich <a href=\"https:\/\/www.sth-hollabrunn.at\/stadthotel\/campus-cafe\/\">unser gem\u00fctliches Caf\u00e9<\/a>.<\/p>\n","protected":false},"excerpt":{"rendered":"<p>Speisesaal Unsere K\u00fcche bereitet t\u00e4glich \u00fcber 700 frische Mahlzeiten f\u00fcr Sch\u00fcler, Lehrer, Kinderg\u00e4rten und Hotelg\u00e4ste zu. Dabei legen wir besonderen Wert auf Qualit\u00e4t und Nachhaltigkeit \u2013 deshalb sind wir stolz darauf, das &#8222;Tut Gut&#8220; G\u00fctesiegel zu tragen. Dieses G\u00fctesiegel best\u00e4tigt, dass unsere K\u00fcche nach strengen Kriterien f\u00fcr gesunde und abwechslungsreiche Gerichte ausgezeichnet wurde. Beim Mittagessen&#8230;<\/p>\n<p class=\"more-link-wrap\"><a href=\"https:\/\/www.sth-hollabrunn.at\/stadthotel\/essen\/\" class=\"more-link\">Read More<span class=\"screen-reader-text\"> &ldquo;Essen&rdquo;<\/span> &raquo;<\/a><\/p>\n","protected":false},"author":1,"featured_media":0,"parent":0,"menu_order":0,"comment_status":"closed","ping_status":"closed","template":"","meta":{"ngg_post_thumbnail":0,"footnotes":""},"class_list":["post-43","page","type-page","status-publish","hentry"],"_links":{"self":[{"href":"https:\/\/www.sth-hollabrunn.at\/stadthotel\/wp-json\/wp\/v2\/pages\/43","targetHints":{"allow":["GET"]}}],"collection":[{"href":"https:\/\/www.sth-hollabrunn.at\/stadthotel\/wp-json\/wp\/v2\/pages"}],"about":[{"href":"https:\/\/www.sth-hollabrunn.at\/stadthotel\/wp-json\/wp\/v2\/types\/page"}],"author":[{"embeddable":true,"href":"https:\/\/www.sth-hollabrunn.at\/stadthotel\/wp-json\/wp\/v2\/users\/1"}],"replies":[{"embeddable":true,"href":"https:\/\/www.sth-hollabrunn.at\/stadthotel\/wp-json\/wp\/v2\/comments?post=43"}],"version-history":[{"count":14,"href":"https:\/\/www.sth-hollabrunn.at\/stadthotel\/wp-json\/wp\/v2\/pages\/43\/revisions"}],"predecessor-version":[{"id":431,"href":"https:\/\/www.sth-hollabrunn.at\/stadthotel\/wp-json\/wp\/v2\/pages\/43\/revisions\/431"}],"wp:attachment":[{"href":"https:\/\/www.sth-hollabrunn.at\/stadthotel\/wp-json\/wp\/v2\/media?parent=43"}],"curies":[{"name":"wp","href":"https:\/\/api.w.org\/{rel}","templated":true}]}}