{"id":41,"date":"2023-07-24T15:52:14","date_gmt":"2023-07-24T15:52:14","guid":{"rendered":"https:\/\/www.sth-hollabrunn.at\/stadthotel\/?page_id=41"},"modified":"2024-07-24T19:40:50","modified_gmt":"2024-07-24T19:40:50","slug":"uebernachten","status":"publish","type":"page","link":"https:\/\/www.sth-hollabrunn.at\/stadthotel\/uebernachten\/","title":{"rendered":"\u00dcbernachten"},"content":{"rendered":"\n<div class=\"wp-block-media-text is-stacked-on-mobile\" style=\"grid-template-columns:34% auto\"><figure class=\"wp-block-media-text__media\"><img loading=\"lazy\" decoding=\"async\" width=\"768\" height=\"1024\" src=\"https:\/\/www.sth-hollabrunn.at\/stadthotel\/wp-content\/uploads\/2023\/07\/HOL_2500-768x1024.jpg\" alt=\"\" class=\"wp-image-82 size-full\" srcset=\"https:\/\/www.sth-hollabrunn.at\/stadthotel\/wp-content\/uploads\/2023\/07\/HOL_2500-768x1024.jpg 768w, https:\/\/www.sth-hollabrunn.at\/stadthotel\/wp-content\/uploads\/2023\/07\/HOL_2500-225x300.jpg 225w, https:\/\/www.sth-hollabrunn.at\/stadthotel\/wp-content\/uploads\/2023\/07\/HOL_2500-1152x1536.jpg 1152w, https:\/\/www.sth-hollabrunn.at\/stadthotel\/wp-content\/uploads\/2023\/07\/HOL_2500-1536x2048.jpg 1536w, https:\/\/www.sth-hollabrunn.at\/stadthotel\/wp-content\/uploads\/2023\/07\/HOL_2500-scaled.jpg 1920w\" sizes=\"auto, (max-width: 768px) 100vw, 768px\" \/><\/figure><div class=\"wp-block-media-text__content\">\n<h5 class=\"wp-block-heading\">Unsere Zimmer<\/h5>\n\n\n\n<p>Jedes unserer Zimmer wurde bei der <strong>Renovierung<\/strong> im Jahr 2022 in Zusammenarbeit mit einem jungen Architekturb\u00fcro individuell gestaltet. Wir legen<strong> gro\u00dfen Wert <\/strong>darauf, jedes <strong>Zimmer einzigartig <\/strong>zu machen. Besonderes Augenmerk wurde dabei auf helle Oberfl\u00e4chen mit spannenden Kontrasten gelegt, um eine moderne und einladende Atmosph\u00e4re zu schaffen. <\/p>\n\n\n\n<p>Genie\u00dfen Sie die <strong>wundersch\u00f6ne Aussicht<\/strong> \u00fcber die Stadt sowie die weitl\u00e4ufige Weinviertler Landschaft<\/p>\n\n\n\n<p>Alle Zimmer verf\u00fcgen \u00fcber ein Bad, WC und TV. Das <strong>WLAN<\/strong> im gesamten Haus ist <strong>kostenlos.<\/strong><\/p>\n\n\n\n<div class=\"wp-block-buttons is-content-justification-center is-layout-flex wp-container-core-buttons-is-layout-16018d1d wp-block-buttons-is-layout-flex\">\n<div class=\"wp-block-button has-custom-width wp-block-button__width-75\"><a class=\"wp-block-button__link has-vivid-cyan-blue-background-color has-background wp-element-button\" href=\"https:\/\/www.sth-hollabrunn.at\/stadthotel\/anfrage\/\">Zimmer reservieren<\/a><\/div>\n<\/div>\n<\/div><\/div>\n\n\n\n<div class=\"wp-block-media-text has-media-on-the-right is-stacked-on-mobile\"><div class=\"wp-block-media-text__content\">\n<h5 class=\"wp-block-heading\">Fr\u00fchst\u00fcck<\/h5>\n\n\n\n<p>Unser gro\u00dfz\u00fcgiges Fr\u00fchst\u00fccksbuffet ist im Preis inkludiert. Gerne k\u00f6nnen Sie bei uns auch ein gesundes Mittagessen einnehmen.<\/p>\n\n\n\n<p><strong>Fr\u00fchst\u00fcckzeiten f\u00fcr Hotelg\u00e4ste<\/strong><br>Montag bis Freitag &#8211; 6:00 bis 9:00<br>Samstag und Sonntag &#8211; 7:00 bis 10:00<\/p>\n<\/div><figure class=\"wp-block-media-text__media\"><img loading=\"lazy\" decoding=\"async\" width=\"1024\" height=\"563\" src=\"https:\/\/www.sth-hollabrunn.at\/stadthotel\/wp-content\/uploads\/2024\/03\/Fruehstueck_1024.png\" alt=\"\" class=\"wp-image-326 size-full\" srcset=\"https:\/\/www.sth-hollabrunn.at\/stadthotel\/wp-content\/uploads\/2024\/03\/Fruehstueck_1024.png 1024w, https:\/\/www.sth-hollabrunn.at\/stadthotel\/wp-content\/uploads\/2024\/03\/Fruehstueck_1024-300x165.png 300w, https:\/\/www.sth-hollabrunn.at\/stadthotel\/wp-content\/uploads\/2024\/03\/Fruehstueck_1024-768x422.png 768w\" sizes=\"auto, (max-width: 1024px) 100vw, 1024px\" \/><\/figure><\/div>\n\n\n\n<p>Ein paar <strong>Eindr\u00fccke <\/strong>unserer Zimmer und vom Fr\u00fchst\u00fccksbuffet &#8211;&gt; <\/p>\n\n\n\n\n\n<div class=\"wp-block-columns is-layout-flex wp-container-core-columns-is-layout-9d6595d7 wp-block-columns-is-layout-flex\">\n<div class=\"wp-block-column is-layout-flow wp-block-column-is-layout-flow\">\n<div class=\"wp-block-cover is-light has-small-font-size wp-duotone-22306d-rgb122138196-2\" style=\"margin-top:0;padding-top:38px;padding-right:48px;padding-bottom:38px;padding-left:48px;min-height:244px;aspect-ratio:unset;\"><span aria-hidden=\"true\" class=\"wp-block-cover__background has-background-dim-30 has-background-dim\"><\/span><img loading=\"lazy\" decoding=\"async\" width=\"1920\" height=\"2560\" class=\"wp-block-cover__image-background wp-image-76\" alt=\"\" src=\"https:\/\/www.sth-hollabrunn.at\/stadthotel\/wp-content\/uploads\/2023\/07\/HOL_2523-scaled.jpg\" data-object-fit=\"cover\" srcset=\"https:\/\/www.sth-hollabrunn.at\/stadthotel\/wp-content\/uploads\/2023\/07\/HOL_2523-scaled.jpg 1920w, https:\/\/www.sth-hollabrunn.at\/stadthotel\/wp-content\/uploads\/2023\/07\/HOL_2523-225x300.jpg 225w, https:\/\/www.sth-hollabrunn.at\/stadthotel\/wp-content\/uploads\/2023\/07\/HOL_2523-768x1024.jpg 768w, https:\/\/www.sth-hollabrunn.at\/stadthotel\/wp-content\/uploads\/2023\/07\/HOL_2523-1152x1536.jpg 1152w, https:\/\/www.sth-hollabrunn.at\/stadthotel\/wp-content\/uploads\/2023\/07\/HOL_2523-1536x2048.jpg 1536w\" sizes=\"auto, (max-width: 1920px) 100vw, 1920px\" \/><div class=\"wp-block-cover__inner-container is-layout-flow wp-block-cover-is-layout-flow\">\n<div class=\"wp-block-group is-content-justification-left\"><div class=\"wp-block-group__inner-container is-layout-constrained wp-container-core-group-is-layout-7206f975 wp-block-group-is-layout-constrained\">\n<h2 class=\"wp-block-heading has-text-align-left has-white-color has-text-color has-large-font-size\" style=\"font-style:normal;font-weight:700;letter-spacing:0px;line-height:1;text-transform:uppercase\">Flyer STadthotel<\/h2>\n<\/div><\/div>\n\n\n\n<div class=\"wp-block-buttons is-content-justification-left is-nowrap is-layout-flex wp-container-core-buttons-is-layout-6447b855 wp-block-buttons-is-layout-flex\">\n<div class=\"wp-block-button has-custom-font-size is-style-outline is-style-outline--1\" style=\"font-size:16px;font-style:normal;font-weight:600;letter-spacing:0px;text-transform:uppercase\"><a class=\"wp-block-button__link has-white-color has-text-color wp-element-button\" href=\"https:\/\/www.sth-hollabrunn.at\/stadthotel\/wp-content\/uploads\/2024\/03\/FlyerHotel_2024.pdf\" style=\"padding-top:24px;padding-right:48px;padding-bottom:24px;padding-left:48px\" target=\"_blank\" rel=\"noreferrer noopener\">Download<\/a><\/div>\n<\/div>\n<\/div><\/div>\n<\/div>\n\n\n\n<div class=\"wp-block-column is-layout-flow wp-block-column-is-layout-flow\">\n<p>Ein Flyer mit allen n\u00fctzliche Infos zum Stadthotel Hollabrunn hier als <a href=\"https:\/\/www.sth-hollabrunn.at\/stadthotel\/wp-content\/uploads\/2024\/03\/FlyerHotel_2024.pdf\" target=\"_blank\" rel=\"noreferrer noopener\">DOWNLOAD.<\/a><\/p>\n<\/div>\n<\/div>\n\n\n\n<p><a href=\"https:\/\/www.sth-hollabrunn.at\/stadthotel\/wp-content\/uploads\/2023\/08\/Seminare-Hotel-Flyer-2022.pdf\" target=\"_blank\" rel=\"noreferrer noopener\">Ein Flyer steht hier zum Download bereit!<\/a><\/p>\n","protected":false},"excerpt":{"rendered":"<p>Fr\u00fchst\u00fcck Unser gro\u00dfz\u00fcgiges Fr\u00fchst\u00fccksbuffet ist im Preis inkludiert. Gerne k\u00f6nnen Sie bei uns auch ein gesundes Mittagessen einnehmen. Fr\u00fchst\u00fcckzeiten f\u00fcr Hotelg\u00e4steMontag bis Freitag &#8211; 6:00 bis 9:00Samstag und Sonntag &#8211; 7:00 bis 10:00 Ein paar Eindr\u00fccke unserer Zimmer und vom Fr\u00fchst\u00fccksbuffet &#8211;&gt; Ein Flyer mit allen n\u00fctzliche Infos zum Stadthotel Hollabrunn hier als DOWNLOAD. Ein&#8230;<\/p>\n<p class=\"more-link-wrap\"><a href=\"https:\/\/www.sth-hollabrunn.at\/stadthotel\/uebernachten\/\" class=\"more-link\">Read More<span class=\"screen-reader-text\"> &ldquo;\u00dcbernachten&rdquo;<\/span> &raquo;<\/a><\/p>\n","protected":false},"author":1,"featured_media":0,"parent":0,"menu_order":0,"comment_status":"closed","ping_status":"closed","template":"","meta":{"ngg_post_thumbnail":0,"footnotes":""},"class_list":["post-41","page","type-page","status-publish","hentry"],"_links":{"self":[{"href":"https:\/\/www.sth-hollabrunn.at\/stadthotel\/wp-json\/wp\/v2\/pages\/41","targetHints":{"allow":["GET"]}}],"collection":[{"href":"https:\/\/www.sth-hollabrunn.at\/stadthotel\/wp-json\/wp\/v2\/pages"}],"about":[{"href":"https:\/\/www.sth-hollabrunn.at\/stadthotel\/wp-json\/wp\/v2\/types\/page"}],"author":[{"embeddable":true,"href":"https:\/\/www.sth-hollabrunn.at\/stadthotel\/wp-json\/wp\/v2\/users\/1"}],"replies":[{"embeddable":true,"href":"https:\/\/www.sth-hollabrunn.at\/stadthotel\/wp-json\/wp\/v2\/comments?post=41"}],"version-history":[{"count":30,"href":"https:\/\/www.sth-hollabrunn.at\/stadthotel\/wp-json\/wp\/v2\/pages\/41\/revisions"}],"predecessor-version":[{"id":432,"href":"https:\/\/www.sth-hollabrunn.at\/stadthotel\/wp-json\/wp\/v2\/pages\/41\/revisions\/432"}],"wp:attachment":[{"href":"https:\/\/www.sth-hollabrunn.at\/stadthotel\/wp-json\/wp\/v2\/media?parent=41"}],"curies":[{"name":"wp","href":"https:\/\/api.w.org\/{rel}","templated":true}]}}