{"id":183,"date":"2023-08-06T17:26:28","date_gmt":"2023-08-06T17:26:28","guid":{"rendered":"https:\/\/www.sth-hollabrunn.at\/stadthotel\/?page_id=183"},"modified":"2023-10-24T07:15:55","modified_gmt":"2023-10-24T07:15:55","slug":"campus-cafe","status":"publish","type":"page","link":"https:\/\/www.sth-hollabrunn.at\/stadthotel\/campus-cafe\/","title":{"rendered":"Campus Caf\u00e9"},"content":{"rendered":"\n<div class=\"wp-block-columns is-layout-flex wp-container-core-columns-is-layout-9d6595d7 wp-block-columns-is-layout-flex\">\n<div class=\"wp-block-column is-layout-flow wp-block-column-is-layout-flow\" style=\"flex-basis:66.66%\">\n<figure style=\"width:600px;height:300px\" class=\"wp-block-algori-360-image-block-algori-360-image alignundefined\"><a-scene loading-screen=\"enabled: false;\" device-orientation-permission-ui=\"enabled: false\" embedded=\"\"><a-entity camera=\"\" look-controls=\"reverseMouseDrag: true\"><\/a-entity><a-sky src=\"https:\/\/www.sth-hollabrunn.at\/stadthotel\/wp-content\/uploads\/2023\/08\/360_Cafe_Couch-scaled.jpg\"><\/a-sky><\/a-scene><\/figure>\n<\/div>\n\n\n\n<div class=\"wp-block-column is-layout-flow wp-block-column-is-layout-flow\" style=\"flex-basis:33.33%\">\n<p><\/p>\n\n\n\n<p class=\"has-text-align-left\">Das gem\u00fctliche Campus Caf\u00e9 l\u00e4dt sowohl im Innenbereich &#8230; <\/p>\n<\/div>\n<\/div>\n\n\n\n<div class=\"wp-block-media-text has-media-on-the-right is-stacked-on-mobile\"><div class=\"wp-block-media-text__content\">\n<p>&#8230; als auch im Au\u00dfenbereich zum Verweilen ein. <\/p>\n<\/div><figure class=\"wp-block-media-text__media\"><img loading=\"lazy\" decoding=\"async\" width=\"1024\" height=\"473\" src=\"https:\/\/www.sth-hollabrunn.at\/stadthotel\/wp-content\/uploads\/2023\/08\/Cafe_aussen-1024x473.jpg\" alt=\"\" class=\"wp-image-188 size-full\" srcset=\"https:\/\/www.sth-hollabrunn.at\/stadthotel\/wp-content\/uploads\/2023\/08\/Cafe_aussen-1024x473.jpg 1024w, https:\/\/www.sth-hollabrunn.at\/stadthotel\/wp-content\/uploads\/2023\/08\/Cafe_aussen-300x138.jpg 300w, https:\/\/www.sth-hollabrunn.at\/stadthotel\/wp-content\/uploads\/2023\/08\/Cafe_aussen-768x354.jpg 768w, https:\/\/www.sth-hollabrunn.at\/stadthotel\/wp-content\/uploads\/2023\/08\/Cafe_aussen-1536x709.jpg 1536w, https:\/\/www.sth-hollabrunn.at\/stadthotel\/wp-content\/uploads\/2023\/08\/Cafe_aussen-2048x945.jpg 2048w\" sizes=\"auto, (max-width: 1024px) 100vw, 1024px\" \/><\/figure><\/div>\n","protected":false},"excerpt":{"rendered":"<p>Das gem\u00fctliche Campus Caf\u00e9 l\u00e4dt sowohl im Innenbereich &#8230; &#8230; als auch im Au\u00dfenbereich zum Verweilen ein.<\/p>\n","protected":false},"author":1,"featured_media":0,"parent":0,"menu_order":0,"comment_status":"closed","ping_status":"closed","template":"","meta":{"ngg_post_thumbnail":0,"footnotes":""},"class_list":["post-183","page","type-page","status-publish","hentry"],"_links":{"self":[{"href":"https:\/\/www.sth-hollabrunn.at\/stadthotel\/wp-json\/wp\/v2\/pages\/183","targetHints":{"allow":["GET"]}}],"collection":[{"href":"https:\/\/www.sth-hollabrunn.at\/stadthotel\/wp-json\/wp\/v2\/pages"}],"about":[{"href":"https:\/\/www.sth-hollabrunn.at\/stadthotel\/wp-json\/wp\/v2\/types\/page"}],"author":[{"embeddable":true,"href":"https:\/\/www.sth-hollabrunn.at\/stadthotel\/wp-json\/wp\/v2\/users\/1"}],"replies":[{"embeddable":true,"href":"https:\/\/www.sth-hollabrunn.at\/stadthotel\/wp-json\/wp\/v2\/comments?post=183"}],"version-history":[{"count":5,"href":"https:\/\/www.sth-hollabrunn.at\/stadthotel\/wp-json\/wp\/v2\/pages\/183\/revisions"}],"predecessor-version":[{"id":248,"href":"https:\/\/www.sth-hollabrunn.at\/stadthotel\/wp-json\/wp\/v2\/pages\/183\/revisions\/248"}],"wp:attachment":[{"href":"https:\/\/www.sth-hollabrunn.at\/stadthotel\/wp-json\/wp\/v2\/media?parent=183"}],"curies":[{"name":"wp","href":"https:\/\/api.w.org\/{rel}","templated":true}]}}